{"id":27691,"date":"2024-04-04T15:09:55","date_gmt":"2024-04-04T15:09:55","guid":{"rendered":"https:\/\/bbb.avantcar.si\/politika-zasebnosti\/"},"modified":"2025-11-11T12:42:28","modified_gmt":"2025-11-11T12:42:28","slug":"politika-zasebnosti","status":"publish","type":"page","link":"https:\/\/www.avantcar.si\/sl\/legal-notice\/","title":{"rendered":"Pravna Obvestila"},"content":{"rendered":"\t\t<div data-elementor-type=\"wp-page\" data-elementor-id=\"27691\" class=\"elementor elementor-27691 elementor-20063\">\n\t\t\t\t\t\t<section class=\"elementor-section elementor-top-section elementor-element elementor-element-1fe3d75 elementor-section-full_width elementor-section-height-default elementor-section-height-default parallax_section_no qode_elementor_container_no\" data-id=\"1fe3d75\" data-element_type=\"section\" data-settings=\"{&quot;background_background&quot;:&quot;classic&quot;}\">\n\t\t\t\t\t\t<div class=\"elementor-container elementor-column-gap-default\">\n\t\t\t\t\t<div class=\"elementor-column elementor-col-100 elementor-top-column elementor-element elementor-element-114eb10\" data-id=\"114eb10\" data-element_type=\"column\">\n\t\t\t<div class=\"elementor-widget-wrap elementor-element-populated\">\n\t\t\t\t\t\t<div class=\"elementor-element elementor-element-b1b6491 elementor-widget elementor-widget-heading\" data-id=\"b1b6491\" data-element_type=\"widget\" data-widget_type=\"heading.default\">\n\t\t\t\t<div class=\"elementor-widget-container\">\n\t\t\t\t\t<h1 class=\"elementor-heading-title elementor-size-default\">Pravno obvestilo<\/h1>\t\t\t\t<\/div>\n\t\t\t\t<\/div>\n\t\t\t\t\t<\/div>\n\t\t<\/div>\n\t\t\t\t\t<\/div>\n\t\t<\/section>\n\t\t\t\t<section class=\"elementor-section elementor-top-section elementor-element elementor-element-0b21837 elementor-section-full_width privacy-policy elementor-section-height-default elementor-section-height-default parallax_section_no qode_elementor_container_no\" data-id=\"0b21837\" data-element_type=\"section\" data-settings=\"{&quot;background_background&quot;:&quot;classic&quot;}\">\n\t\t\t\t\t\t<div class=\"elementor-container elementor-column-gap-default\">\n\t\t\t\t\t<div class=\"elementor-column elementor-col-100 elementor-top-column elementor-element elementor-element-86f9314\" data-id=\"86f9314\" data-element_type=\"column\">\n\t\t\t<div class=\"elementor-widget-wrap elementor-element-populated\">\n\t\t\t\t\t\t<div class=\"elementor-element elementor-element-3134fab elementor-widget elementor-widget-text-editor\" data-id=\"3134fab\" data-element_type=\"widget\" data-widget_type=\"text-editor.default\">\n\t\t\t\t<div class=\"elementor-widget-container\">\n\t\t\t\t\t\t\t\t\t<p>V dru\u017ebi Avant car d.o.o. se zavedamo pomena varovanja va\u0161e zasebnosti in osebnih podatkov. Izjava o zasebnosti pojasnjuje na\u0161e prakse varovanja zasebnosti in va\u0161e mo\u017enosti glede zbiranja in uporabe podatkov na spletu.<\/p>\n\t\t\t\t\t\t\t\t<\/div>\n\t\t\t\t<\/div>\n\t\t\t\t<section class=\"elementor-section elementor-inner-section elementor-element elementor-element-a992be9 elementor-section-full_width elementor-section-height-default elementor-section-height-default parallax_section_no qode_elementor_container_no\" data-id=\"a992be9\" data-element_type=\"section\" data-settings=\"{&quot;background_background&quot;:&quot;classic&quot;}\">\n\t\t\t\t\t\t<div class=\"elementor-container elementor-column-gap-default\">\n\t\t\t\t\t<div class=\"elementor-column elementor-col-25 elementor-inner-column elementor-element elementor-element-e940d88\" data-id=\"e940d88\" data-element_type=\"column\">\n\t\t\t<div class=\"elementor-widget-wrap elementor-element-populated\">\n\t\t\t\t\t\t<div class=\"elementor-element elementor-element-e62e29f elementor-widget elementor-widget-heading\" data-id=\"e62e29f\" data-element_type=\"widget\" data-widget_type=\"heading.default\">\n\t\t\t\t<div class=\"elementor-widget-container\">\n\t\t\t\t\t<h3 class=\"elementor-heading-title elementor-size-default\">Splo\u0161ni pogoji uporabe<\/h3>\t\t\t\t<\/div>\n\t\t\t\t<\/div>\n\t\t\t\t\t<\/div>\n\t\t<\/div>\n\t\t\t\t<div class=\"elementor-column elementor-col-25 elementor-inner-column elementor-element elementor-element-850ee50\" data-id=\"850ee50\" data-element_type=\"column\">\n\t\t\t<div class=\"elementor-widget-wrap elementor-element-populated\">\n\t\t\t\t\t\t<div class=\"elementor-element elementor-element-ae59fa4 elementor-widget elementor-widget-html\" data-id=\"ae59fa4\" data-element_type=\"widget\" data-widget_type=\"html.default\">\n\t\t\t\t<div class=\"elementor-widget-container\">\n\t\t\t\t\t<div>\r\n    <a href=\"https:\/\/www.avantcar.si\/sl\/privacy-policy\/\">\r\n        <button class=\"tos-btn\">Politika zasebnosti<\/button>\r\n    <\/a>\r\n<\/div>\r\n<div>\r\n    <a href=\"https:\/\/www.avantcar.si\/sl\/legal-notice\/website-cookie-policy\">\r\n        <button class=\"tos-btn\">Politika pi\u0161kotkov<\/button>\r\n    <\/a>\r\n<\/div>\r\n<div>\r\n    <a href=\"https:\/\/www.avantcar.si\/sl\/terms-of-use\/\">\r\n        <button class=\"tos-btn\">Pogoji uporabe spleti\u0161\u010da<\/button>\r\n    <\/a>\r\n<\/div>\t\t\t\t<\/div>\n\t\t\t\t<\/div>\n\t\t\t\t\t<\/div>\n\t\t<\/div>\n\t\t\t\t<div class=\"elementor-column elementor-col-25 elementor-inner-column elementor-element elementor-element-d16e991\" data-id=\"d16e991\" data-element_type=\"column\">\n\t\t\t<div class=\"elementor-widget-wrap\">\n\t\t\t\t\t\t\t<\/div>\n\t\t<\/div>\n\t\t\t\t<div class=\"elementor-column elementor-col-25 elementor-inner-column elementor-element elementor-element-9c61e38\" data-id=\"9c61e38\" data-element_type=\"column\">\n\t\t\t<div class=\"elementor-widget-wrap\">\n\t\t\t\t\t\t\t<\/div>\n\t\t<\/div>\n\t\t\t\t\t<\/div>\n\t\t<\/section>\n\t\t\t\t<section class=\"elementor-section elementor-inner-section elementor-element elementor-element-9cda6f5 elementor-section-full_width elementor-section-height-default elementor-section-height-default parallax_section_no qode_elementor_container_no\" data-id=\"9cda6f5\" data-element_type=\"section\" data-settings=\"{&quot;background_background&quot;:&quot;classic&quot;}\">\n\t\t\t\t\t\t<div class=\"elementor-container elementor-column-gap-default\">\n\t\t\t\t\t<div class=\"elementor-column elementor-col-25 elementor-inner-column elementor-element elementor-element-00f27cb\" data-id=\"00f27cb\" data-element_type=\"column\">\n\t\t\t<div class=\"elementor-widget-wrap elementor-element-populated\">\n\t\t\t\t\t\t<div class=\"elementor-element elementor-element-a3ec1a2 elementor-widget elementor-widget-heading\" data-id=\"a3ec1a2\" data-element_type=\"widget\" data-widget_type=\"heading.default\">\n\t\t\t\t<div class=\"elementor-widget-container\">\n\t\t\t\t\t<h3 class=\"elementor-heading-title elementor-size-default\">Pravice potro\u0161nikov<\/h3>\t\t\t\t<\/div>\n\t\t\t\t<\/div>\n\t\t\t\t\t<\/div>\n\t\t<\/div>\n\t\t\t\t<div class=\"elementor-column elementor-col-25 elementor-inner-column elementor-element elementor-element-57df0fe\" data-id=\"57df0fe\" data-element_type=\"column\">\n\t\t\t<div class=\"elementor-widget-wrap elementor-element-populated\">\n\t\t\t\t\t\t<div class=\"elementor-element elementor-element-51b1631 elementor-widget elementor-widget-html\" data-id=\"51b1631\" data-element_type=\"widget\" data-widget_type=\"html.default\">\n\t\t\t\t<div class=\"elementor-widget-container\">\n\t\t\t\t\t<div>\r\n    <a href=\"https:\/\/www.avantcar.si\/privacy-policy\/consumer-rights\/#conformity\">\r\n        <button class=\"tos-btn\">Skladnost blaga<\/button>\r\n    <\/a>\r\n<\/div>\r\n<div>\r\n    <a href=\"https:\/\/www.avantcar.si\/privacy-policy\/consumer-rights\/#appeal\">\r\n        <button class=\"tos-btn\">Prito\u017ebeni postopek<\/button>\r\n    <\/a>\r\n<\/div>\r\n<div>\r\n    <a href=\"https:\/\/www.avantcar.si\/privacy-policy\/consumer-rights\/#disputes\">\r\n        <button class=\"tos-btn\">Izvensodno re\u0161evanje sporov<\/button>\r\n    <\/a>\r\n<\/div>\r\n\t\t\t\t<\/div>\n\t\t\t\t<\/div>\n\t\t\t\t\t<\/div>\n\t\t<\/div>\n\t\t\t\t<div class=\"elementor-column elementor-col-25 elementor-inner-column elementor-element elementor-element-ac96305\" data-id=\"ac96305\" data-element_type=\"column\">\n\t\t\t<div class=\"elementor-widget-wrap\">\n\t\t\t\t\t\t\t<\/div>\n\t\t<\/div>\n\t\t\t\t<div class=\"elementor-column elementor-col-25 elementor-inner-column elementor-element elementor-element-e8ab59e\" data-id=\"e8ab59e\" data-element_type=\"column\">\n\t\t\t<div class=\"elementor-widget-wrap\">\n\t\t\t\t\t\t\t<\/div>\n\t\t<\/div>\n\t\t\t\t\t<\/div>\n\t\t<\/section>\n\t\t\t\t<section class=\"elementor-section elementor-inner-section elementor-element elementor-element-bf94aa2 elementor-section-full_width elementor-section-height-default elementor-section-height-default parallax_section_no qode_elementor_container_no\" data-id=\"bf94aa2\" data-element_type=\"section\" data-settings=\"{&quot;background_background&quot;:&quot;classic&quot;}\">\n\t\t\t\t\t\t<div class=\"elementor-container elementor-column-gap-default\">\n\t\t\t\t\t<div class=\"elementor-column elementor-col-25 elementor-inner-column elementor-element elementor-element-bd07c67\" data-id=\"bd07c67\" data-element_type=\"column\">\n\t\t\t<div class=\"elementor-widget-wrap elementor-element-populated\">\n\t\t\t\t\t\t<div class=\"elementor-element elementor-element-aca3e0d elementor-widget elementor-widget-heading\" data-id=\"aca3e0d\" data-element_type=\"widget\" data-widget_type=\"heading.default\">\n\t\t\t\t<div class=\"elementor-widget-container\">\n\t\t\t\t\t<h3 class=\"elementor-heading-title elementor-size-default\">Najemni pogoji<\/h3>\t\t\t\t<\/div>\n\t\t\t\t<\/div>\n\t\t\t\t\t<\/div>\n\t\t<\/div>\n\t\t\t\t<div class=\"elementor-column elementor-col-25 elementor-inner-column elementor-element elementor-element-cce1d82\" data-id=\"cce1d82\" data-element_type=\"column\">\n\t\t\t<div class=\"elementor-widget-wrap elementor-element-populated\">\n\t\t\t\t\t\t<div class=\"elementor-element elementor-element-bc9659c elementor-widget elementor-widget-html\" data-id=\"bc9659c\" data-element_type=\"widget\" data-widget_type=\"html.default\">\n\t\t\t\t<div class=\"elementor-widget-container\">\n\t\t\t\t\t<div>\r\n    <a href=\"https:\/\/www.avantcar.si\/wp-content\/uploads\/2025\/10\/Avant_car_Slovenija-najemni_pogoji_oktober_2025_sl-SL.pdf\" target=\"_blank\">\r\n        <button class=\"tos-btn\">Rent-a-Car najemni pogoji<\/button>\r\n    <\/a>\r\n<\/div>\r\n<div>\r\n    <a href=\"https:\/\/www.avantcar.si\/wp-content\/uploads\/2025\/10\/Avant_car_Slovenija-splosni_pogoji_oktober_2025_sl-SL.pdf\" target=\"_blank\">\r\n        <button class=\"tos-btn\">Splo\u0161ni najemni pogoji<\/button>\r\n    <\/a>\r\n<\/div>\t\t\t\t<\/div>\n\t\t\t\t<\/div>\n\t\t\t\t\t<\/div>\n\t\t<\/div>\n\t\t\t\t<div class=\"elementor-column elementor-col-25 elementor-inner-column elementor-element elementor-element-8832637\" data-id=\"8832637\" data-element_type=\"column\">\n\t\t\t<div class=\"elementor-widget-wrap\">\n\t\t\t\t\t\t\t<\/div>\n\t\t<\/div>\n\t\t\t\t<div class=\"elementor-column elementor-col-25 elementor-inner-column elementor-element elementor-element-78c6b7a\" data-id=\"78c6b7a\" data-element_type=\"column\">\n\t\t\t<div class=\"elementor-widget-wrap\">\n\t\t\t\t\t\t\t<\/div>\n\t\t<\/div>\n\t\t\t\t\t<\/div>\n\t\t<\/section>\n\t\t\t\t<section class=\"elementor-section elementor-inner-section elementor-element elementor-element-9281ccb elementor-section-full_width elementor-section-height-default elementor-section-height-default parallax_section_no qode_elementor_container_no\" data-id=\"9281ccb\" data-element_type=\"section\" data-settings=\"{&quot;background_background&quot;:&quot;classic&quot;}\">\n\t\t\t\t\t\t<div class=\"elementor-container elementor-column-gap-default\">\n\t\t\t\t\t<div class=\"elementor-column elementor-col-25 elementor-inner-column elementor-element elementor-element-f048dc0\" data-id=\"f048dc0\" data-element_type=\"column\">\n\t\t\t<div class=\"elementor-widget-wrap elementor-element-populated\">\n\t\t\t\t\t\t<div class=\"elementor-element elementor-element-fa527d9 elementor-widget elementor-widget-heading\" data-id=\"fa527d9\" data-element_type=\"widget\" data-widget_type=\"heading.default\">\n\t\t\t\t<div class=\"elementor-widget-container\">\n\t\t\t\t\t<h3 class=\"elementor-heading-title elementor-size-default\">Skladnost<\/h3>\t\t\t\t<\/div>\n\t\t\t\t<\/div>\n\t\t\t\t\t<\/div>\n\t\t<\/div>\n\t\t\t\t<div class=\"elementor-column elementor-col-25 elementor-inner-column elementor-element elementor-element-4f682e8\" data-id=\"4f682e8\" data-element_type=\"column\">\n\t\t\t<div class=\"elementor-widget-wrap elementor-element-populated\">\n\t\t\t\t\t\t<div class=\"elementor-element elementor-element-7d77159 elementor-widget elementor-widget-html\" data-id=\"7d77159\" data-element_type=\"widget\" data-widget_type=\"html.default\">\n\t\t\t\t<div class=\"elementor-widget-container\">\n\t\t\t\t\t<div>\r\n    <a href=\"https:\/\/www.avantcar.si\/wp-content\/uploads\/2024\/09\/Avant_car-d.o.o.-Kodeks_ravnanja_druzbe_Avant_car_d.o.o._01-08-2024.pdf\" target=\"_blank\">\r\n        <button class=\"tos-btn\">Kodeks ravnanja dru\u017ebe Avant car<\/button>\r\n    <\/a>\r\n<\/div>\r\n<div>\r\n    <a href=\"https:\/\/www.avantcar.si\/wp-content\/uploads\/2024\/09\/Avant_car_d.o.o.-Kodeks-ravnanja_01-08-2024.pdf\" target=\"_blank\">\r\n        <button class=\"tos-btn\">Kodeks ravnanja za poslovne partnerje<\/button>\r\n    <\/a>\r\n<\/div>\t\t\t\t<\/div>\n\t\t\t\t<\/div>\n\t\t\t\t\t<\/div>\n\t\t<\/div>\n\t\t\t\t<div class=\"elementor-column elementor-col-25 elementor-inner-column elementor-element elementor-element-038b9e0\" data-id=\"038b9e0\" data-element_type=\"column\">\n\t\t\t<div class=\"elementor-widget-wrap\">\n\t\t\t\t\t\t\t<\/div>\n\t\t<\/div>\n\t\t\t\t<div class=\"elementor-column elementor-col-25 elementor-inner-column elementor-element elementor-element-35e6f1f\" data-id=\"35e6f1f\" data-element_type=\"column\">\n\t\t\t<div class=\"elementor-widget-wrap\">\n\t\t\t\t\t\t\t<\/div>\n\t\t<\/div>\n\t\t\t\t\t<\/div>\n\t\t<\/section>\n\t\t\t\t\t<\/div>\n\t\t<\/div>\n\t\t\t\t\t<\/div>\n\t\t<\/section>\n\t\t\t\t<\/div>\n\t\t","protected":false},"excerpt":{"rendered":"<p>Pravno obvestilo V dru\u017ebi Avant car d.o.o. se zavedamo pomena varovanja va\u0161e zasebnosti in osebnih podatkov. Izjava o zasebnosti pojasnjuje na\u0161e prakse varovanja zasebnosti in va\u0161e mo\u017enosti glede zbiranja in uporabe podatkov na spletu. Splo\u0161ni pogoji uporabe Politika zasebnosti Politika pi\u0161kotkov Pogoji uporabe spleti\u0161\u010da Pravice&#8230;<\/p>\n","protected":false},"author":7,"featured_media":25776,"parent":0,"menu_order":0,"comment_status":"closed","ping_status":"closed","template":"full_width.php","meta":{"_acf_changed":false,"footnotes":""},"class_list":["post-27691","page","type-page","status-publish","has-post-thumbnail","hentry"],"acf":[],"yoast_head":"<!-- This site is optimized with the Yoast SEO plugin v26.3 - https:\/\/yoast.com\/wordpress\/plugins\/seo\/ -->\n<title>Pravna Obvestila | Avant car | Rent a car | Car sharing<\/title>\n<meta name=\"description\" content=\"V dru\u017ebi Avant car d.o.o. se zavedamo pomena varovanja va\u0161e zasebnosti in osebnih podatkov.\" \/>\n<meta name=\"robots\" content=\"index, follow, max-snippet:-1, max-image-preview:large, max-video-preview:-1\" \/>\n<link rel=\"canonical\" href=\"https:\/\/www.avantcar.si\/sl\/legal-notice\/\" \/>\n<meta property=\"og:locale\" content=\"sl_SI\" \/>\n<meta property=\"og:type\" content=\"article\" \/>\n<meta property=\"og:title\" content=\"Pravna Obvestila | Avant car | Rent a car | Car sharing\" \/>\n<meta property=\"og:description\" content=\"V dru\u017ebi Avant car d.o.o. se zavedamo pomena varovanja va\u0161e zasebnosti in osebnih podatkov.\" \/>\n<meta property=\"og:url\" content=\"https:\/\/www.avantcar.si\/sl\/legal-notice\/\" \/>\n<meta property=\"og:site_name\" content=\"Avantcar\" \/>\n<meta property=\"article:modified_time\" content=\"2025-11-11T12:42:28+00:00\" \/>\n<meta property=\"og:image\" content=\"https:\/\/www.avantcar.si\/wp-content\/uploads\/2021\/04\/dubrovnik-downtown.jpg\" \/>\n\t<meta property=\"og:image:width\" content=\"1163\" \/>\n\t<meta property=\"og:image:height\" content=\"872\" \/>\n\t<meta property=\"og:image:type\" content=\"image\/jpeg\" \/>\n<meta name=\"twitter:card\" content=\"summary_large_image\" \/>\n<meta name=\"twitter:label1\" content=\"Est. reading time\" \/>\n\t<meta name=\"twitter:data1\" content=\"1 minuta\" \/>\n<script type=\"application\/ld+json\" class=\"yoast-schema-graph\">{\"@context\":\"https:\/\/schema.org\",\"@graph\":[{\"@type\":\"WebPage\",\"@id\":\"https:\/\/www.avantcar.si\/sl\/legal-notice\/\",\"url\":\"https:\/\/www.avantcar.si\/sl\/legal-notice\/\",\"name\":\"Pravna Obvestila | Avant car | Rent a car | Car sharing\",\"isPartOf\":{\"@id\":\"https:\/\/www.avantcar.si\/sl\/#website\"},\"primaryImageOfPage\":{\"@id\":\"https:\/\/www.avantcar.si\/sl\/legal-notice\/#primaryimage\"},\"image\":{\"@id\":\"https:\/\/www.avantcar.si\/sl\/legal-notice\/#primaryimage\"},\"thumbnailUrl\":\"https:\/\/www.avantcar.si\/wp-content\/uploads\/2021\/04\/dubrovnik-downtown.jpg\",\"datePublished\":\"2024-04-04T15:09:55+00:00\",\"dateModified\":\"2025-11-11T12:42:28+00:00\",\"description\":\"V dru\u017ebi Avant car d.o.o. se zavedamo pomena varovanja va\u0161e zasebnosti in osebnih podatkov.\",\"breadcrumb\":{\"@id\":\"https:\/\/www.avantcar.si\/sl\/legal-notice\/#breadcrumb\"},\"inLanguage\":\"sl-SI\",\"potentialAction\":[{\"@type\":\"ReadAction\",\"target\":[\"https:\/\/www.avantcar.si\/sl\/legal-notice\/\"]}]},{\"@type\":\"ImageObject\",\"inLanguage\":\"sl-SI\",\"@id\":\"https:\/\/www.avantcar.si\/sl\/legal-notice\/#primaryimage\",\"url\":\"https:\/\/www.avantcar.si\/wp-content\/uploads\/2021\/04\/dubrovnik-downtown.jpg\",\"contentUrl\":\"https:\/\/www.avantcar.si\/wp-content\/uploads\/2021\/04\/dubrovnik-downtown.jpg\",\"width\":1163,\"height\":872},{\"@type\":\"BreadcrumbList\",\"@id\":\"https:\/\/www.avantcar.si\/sl\/legal-notice\/#breadcrumb\",\"itemListElement\":[{\"@type\":\"ListItem\",\"position\":1,\"name\":\"Home\",\"item\":\"https:\/\/www.avantcar.si\/sl\/\"},{\"@type\":\"ListItem\",\"position\":2,\"name\":\"Pravna Obvestila\"}]},{\"@type\":\"WebSite\",\"@id\":\"https:\/\/www.avantcar.si\/sl\/#website\",\"url\":\"https:\/\/www.avantcar.si\/sl\/\",\"name\":\"Avantcar\",\"description\":\"\",\"publisher\":{\"@id\":\"https:\/\/www.avantcar.si\/sl\/#organization\"},\"potentialAction\":[{\"@type\":\"SearchAction\",\"target\":{\"@type\":\"EntryPoint\",\"urlTemplate\":\"https:\/\/www.avantcar.si\/sl\/?s={search_term_string}\"},\"query-input\":{\"@type\":\"PropertyValueSpecification\",\"valueRequired\":true,\"valueName\":\"search_term_string\"}}],\"inLanguage\":\"sl-SI\"},{\"@type\":\"Organization\",\"@id\":\"https:\/\/www.avantcar.si\/sl\/#organization\",\"name\":\"Avantcar\",\"url\":\"https:\/\/www.avantcar.si\/sl\/\",\"logo\":{\"@type\":\"ImageObject\",\"inLanguage\":\"sl-SI\",\"@id\":\"https:\/\/www.avantcar.si\/sl\/#\/schema\/logo\/image\/\",\"url\":\"https:\/\/www.avantcar.si\/wp-content\/uploads\/2021\/04\/ugovor.png\",\"contentUrl\":\"https:\/\/www.avantcar.si\/wp-content\/uploads\/2021\/04\/ugovor.png\",\"width\":72,\"height\":72,\"caption\":\"Avantcar\"},\"image\":{\"@id\":\"https:\/\/www.avantcar.si\/sl\/#\/schema\/logo\/image\/\"}}]}<\/script>\n<!-- \/ Yoast SEO plugin. -->","yoast_head_json":{"title":"Pravna Obvestila | Avant car | Rent a car | Car sharing","description":"V dru\u017ebi Avant car d.o.o. se zavedamo pomena varovanja va\u0161e zasebnosti in osebnih podatkov.","robots":{"index":"index","follow":"follow","max-snippet":"max-snippet:-1","max-image-preview":"max-image-preview:large","max-video-preview":"max-video-preview:-1"},"canonical":"https:\/\/www.avantcar.si\/sl\/legal-notice\/","og_locale":"sl_SI","og_type":"article","og_title":"Pravna Obvestila | Avant car | Rent a car | Car sharing","og_description":"V dru\u017ebi Avant car d.o.o. se zavedamo pomena varovanja va\u0161e zasebnosti in osebnih podatkov.","og_url":"https:\/\/www.avantcar.si\/sl\/legal-notice\/","og_site_name":"Avantcar","article_modified_time":"2025-11-11T12:42:28+00:00","og_image":[{"width":1163,"height":872,"url":"https:\/\/www.avantcar.si\/wp-content\/uploads\/2021\/04\/dubrovnik-downtown.jpg","type":"image\/jpeg"}],"twitter_card":"summary_large_image","twitter_misc":{"Est. reading time":"1 minuta"},"schema":{"@context":"https:\/\/schema.org","@graph":[{"@type":"WebPage","@id":"https:\/\/www.avantcar.si\/sl\/legal-notice\/","url":"https:\/\/www.avantcar.si\/sl\/legal-notice\/","name":"Pravna Obvestila | Avant car | Rent a car | Car sharing","isPartOf":{"@id":"https:\/\/www.avantcar.si\/sl\/#website"},"primaryImageOfPage":{"@id":"https:\/\/www.avantcar.si\/sl\/legal-notice\/#primaryimage"},"image":{"@id":"https:\/\/www.avantcar.si\/sl\/legal-notice\/#primaryimage"},"thumbnailUrl":"https:\/\/www.avantcar.si\/wp-content\/uploads\/2021\/04\/dubrovnik-downtown.jpg","datePublished":"2024-04-04T15:09:55+00:00","dateModified":"2025-11-11T12:42:28+00:00","description":"V dru\u017ebi Avant car d.o.o. se zavedamo pomena varovanja va\u0161e zasebnosti in osebnih podatkov.","breadcrumb":{"@id":"https:\/\/www.avantcar.si\/sl\/legal-notice\/#breadcrumb"},"inLanguage":"sl-SI","potentialAction":[{"@type":"ReadAction","target":["https:\/\/www.avantcar.si\/sl\/legal-notice\/"]}]},{"@type":"ImageObject","inLanguage":"sl-SI","@id":"https:\/\/www.avantcar.si\/sl\/legal-notice\/#primaryimage","url":"https:\/\/www.avantcar.si\/wp-content\/uploads\/2021\/04\/dubrovnik-downtown.jpg","contentUrl":"https:\/\/www.avantcar.si\/wp-content\/uploads\/2021\/04\/dubrovnik-downtown.jpg","width":1163,"height":872},{"@type":"BreadcrumbList","@id":"https:\/\/www.avantcar.si\/sl\/legal-notice\/#breadcrumb","itemListElement":[{"@type":"ListItem","position":1,"name":"Home","item":"https:\/\/www.avantcar.si\/sl\/"},{"@type":"ListItem","position":2,"name":"Pravna Obvestila"}]},{"@type":"WebSite","@id":"https:\/\/www.avantcar.si\/sl\/#website","url":"https:\/\/www.avantcar.si\/sl\/","name":"Avantcar","description":"","publisher":{"@id":"https:\/\/www.avantcar.si\/sl\/#organization"},"potentialAction":[{"@type":"SearchAction","target":{"@type":"EntryPoint","urlTemplate":"https:\/\/www.avantcar.si\/sl\/?s={search_term_string}"},"query-input":{"@type":"PropertyValueSpecification","valueRequired":true,"valueName":"search_term_string"}}],"inLanguage":"sl-SI"},{"@type":"Organization","@id":"https:\/\/www.avantcar.si\/sl\/#organization","name":"Avantcar","url":"https:\/\/www.avantcar.si\/sl\/","logo":{"@type":"ImageObject","inLanguage":"sl-SI","@id":"https:\/\/www.avantcar.si\/sl\/#\/schema\/logo\/image\/","url":"https:\/\/www.avantcar.si\/wp-content\/uploads\/2021\/04\/ugovor.png","contentUrl":"https:\/\/www.avantcar.si\/wp-content\/uploads\/2021\/04\/ugovor.png","width":72,"height":72,"caption":"Avantcar"},"image":{"@id":"https:\/\/www.avantcar.si\/sl\/#\/schema\/logo\/image\/"}}]}},"_links":{"self":[{"href":"https:\/\/www.avantcar.si\/sl\/wp-json\/wp\/v2\/pages\/27691","targetHints":{"allow":["GET"]}}],"collection":[{"href":"https:\/\/www.avantcar.si\/sl\/wp-json\/wp\/v2\/pages"}],"about":[{"href":"https:\/\/www.avantcar.si\/sl\/wp-json\/wp\/v2\/types\/page"}],"author":[{"embeddable":true,"href":"https:\/\/www.avantcar.si\/sl\/wp-json\/wp\/v2\/users\/7"}],"replies":[{"embeddable":true,"href":"https:\/\/www.avantcar.si\/sl\/wp-json\/wp\/v2\/comments?post=27691"}],"version-history":[{"count":47,"href":"https:\/\/www.avantcar.si\/sl\/wp-json\/wp\/v2\/pages\/27691\/revisions"}],"predecessor-version":[{"id":31017,"href":"https:\/\/www.avantcar.si\/sl\/wp-json\/wp\/v2\/pages\/27691\/revisions\/31017"}],"wp:featuredmedia":[{"embeddable":true,"href":"https:\/\/www.avantcar.si\/sl\/wp-json\/wp\/v2\/media\/25776"}],"wp:attachment":[{"href":"https:\/\/www.avantcar.si\/sl\/wp-json\/wp\/v2\/media?parent=27691"}],"curies":[{"name":"wp","href":"https:\/\/api.w.org\/{rel}","templated":true}]}}