{"id":27699,"date":"2024-04-05T08:43:59","date_gmt":"2024-04-05T08:43:59","guid":{"rendered":"https:\/\/bbb.avantcar.si\/osnovni-podatki\/"},"modified":"2025-11-05T14:39:26","modified_gmt":"2025-11-05T14:39:26","slug":"osnovni-podatki","status":"publish","type":"page","link":"https:\/\/www.avantcar.si\/sl\/impressum\/","title":{"rendered":"Osnovni podatki"},"content":{"rendered":"\t\t<div data-elementor-type=\"wp-page\" data-elementor-id=\"27699\" class=\"elementor elementor-27699 elementor-21391\">\n\t\t\t\t\t\t<section class=\"elementor-section elementor-top-section elementor-element elementor-element-1fe3d75 elementor-section-full_width elementor-section-height-default elementor-section-height-default parallax_section_no qode_elementor_container_no\" data-id=\"1fe3d75\" data-element_type=\"section\" data-settings=\"{&quot;background_background&quot;:&quot;classic&quot;}\">\n\t\t\t\t\t\t<div class=\"elementor-container elementor-column-gap-default\">\n\t\t\t\t\t<div class=\"elementor-column elementor-col-100 elementor-top-column elementor-element elementor-element-114eb10\" data-id=\"114eb10\" data-element_type=\"column\">\n\t\t\t<div class=\"elementor-widget-wrap elementor-element-populated\">\n\t\t\t\t\t\t<div class=\"elementor-element elementor-element-b1b6491 elementor-widget elementor-widget-heading\" data-id=\"b1b6491\" data-element_type=\"widget\" data-widget_type=\"heading.default\">\n\t\t\t\t<div class=\"elementor-widget-container\">\n\t\t\t\t\t<h1 class=\"elementor-heading-title elementor-size-default\">Osnovni podatki<\/h1>\t\t\t\t<\/div>\n\t\t\t\t<\/div>\n\t\t\t\t\t<\/div>\n\t\t<\/div>\n\t\t\t\t\t<\/div>\n\t\t<\/section>\n\t\t\t\t<section class=\"elementor-section elementor-top-section elementor-element elementor-element-0b21837 elementor-section-full_width privacy-policy elementor-section-height-default elementor-section-height-default parallax_section_no qode_elementor_container_no\" data-id=\"0b21837\" data-element_type=\"section\" data-settings=\"{&quot;background_background&quot;:&quot;classic&quot;}\">\n\t\t\t\t\t\t<div class=\"elementor-container elementor-column-gap-default\">\n\t\t\t\t\t<div class=\"elementor-column elementor-col-100 elementor-top-column elementor-element elementor-element-86f9314\" data-id=\"86f9314\" data-element_type=\"column\">\n\t\t\t<div class=\"elementor-widget-wrap elementor-element-populated\">\n\t\t\t\t\t\t<div class=\"elementor-element elementor-element-d369de8 elementor-widget elementor-widget-heading\" data-id=\"d369de8\" data-element_type=\"widget\" data-widget_type=\"heading.default\">\n\t\t\t\t<div class=\"elementor-widget-container\">\n\t\t\t\t\t<h2 class=\"elementor-heading-title elementor-size-default\">Dolg naziv<\/h2>\t\t\t\t<\/div>\n\t\t\t\t<\/div>\n\t\t\t\t<div class=\"elementor-element elementor-element-2b38431 elementor-widget elementor-widget-text-editor\" data-id=\"2b38431\" data-element_type=\"widget\" data-widget_type=\"text-editor.default\">\n\t\t\t\t<div class=\"elementor-widget-container\">\n\t\t\t\t\t\t\t\t\t<p>Avant car, poslovni in\u017eeniring, d.o.o.<\/p>\n\t\t\t\t\t\t\t\t<\/div>\n\t\t\t\t<\/div>\n\t\t\t\t<div class=\"elementor-element elementor-element-8a6f0c4 elementor-widget elementor-widget-heading\" data-id=\"8a6f0c4\" data-element_type=\"widget\" data-widget_type=\"heading.default\">\n\t\t\t\t<div class=\"elementor-widget-container\">\n\t\t\t\t\t<h2 class=\"elementor-heading-title elementor-size-default\">Skraj\u0161an naziv<\/h2>\t\t\t\t<\/div>\n\t\t\t\t<\/div>\n\t\t\t\t<div class=\"elementor-element elementor-element-1b5df34 elementor-widget elementor-widget-text-editor\" data-id=\"1b5df34\" data-element_type=\"widget\" data-widget_type=\"text-editor.default\">\n\t\t\t\t<div class=\"elementor-widget-container\">\n\t\t\t\t\t\t\t\t\t<p>Avant car d.o.o.<\/p>\n\t\t\t\t\t\t\t\t<\/div>\n\t\t\t\t<\/div>\n\t\t\t\t<div class=\"elementor-element elementor-element-db36d63 elementor-widget elementor-widget-heading\" data-id=\"db36d63\" data-element_type=\"widget\" data-widget_type=\"heading.default\">\n\t\t\t\t<div class=\"elementor-widget-container\">\n\t\t\t\t\t<h2 class=\"elementor-heading-title elementor-size-default\">Sede\u017e dru\u017ebe<\/h2>\t\t\t\t<\/div>\n\t\t\t\t<\/div>\n\t\t\t\t<div class=\"elementor-element elementor-element-b2d40ef elementor-widget elementor-widget-text-editor\" data-id=\"b2d40ef\" data-element_type=\"widget\" data-widget_type=\"text-editor.default\">\n\t\t\t\t<div class=\"elementor-widget-container\">\n\t\t\t\t\t\t\t\t\t<p>Dunajska cesta 140, 1000 Ljubljana<\/p>\n\t\t\t\t\t\t\t\t<\/div>\n\t\t\t\t<\/div>\n\t\t\t\t<div class=\"elementor-element elementor-element-81c2a17 elementor-widget elementor-widget-heading\" data-id=\"81c2a17\" data-element_type=\"widget\" data-widget_type=\"heading.default\">\n\t\t\t\t<div class=\"elementor-widget-container\">\n\t\t\t\t\t<h2 class=\"elementor-heading-title elementor-size-default\">Telefon<\/h2>\t\t\t\t<\/div>\n\t\t\t\t<\/div>\n\t\t\t\t<div class=\"elementor-element elementor-element-676132f elementor-widget elementor-widget-text-editor\" data-id=\"676132f\" data-element_type=\"widget\" data-widget_type=\"text-editor.default\">\n\t\t\t\t<div class=\"elementor-widget-container\">\n\t\t\t\t\t\t\t\t\t<p>+386 1 589 08 50<\/p>\n\t\t\t\t\t\t\t\t<\/div>\n\t\t\t\t<\/div>\n\t\t\t\t<div class=\"elementor-element elementor-element-6ba7da7 elementor-widget elementor-widget-heading\" data-id=\"6ba7da7\" data-element_type=\"widget\" data-widget_type=\"heading.default\">\n\t\t\t\t<div class=\"elementor-widget-container\">\n\t\t\t\t\t<h2 class=\"elementor-heading-title elementor-size-default\">E-naslov<\/h2>\t\t\t\t<\/div>\n\t\t\t\t<\/div>\n\t\t\t\t<div class=\"elementor-element elementor-element-1f08169 elementor-widget elementor-widget-text-editor\" data-id=\"1f08169\" data-element_type=\"widget\" data-widget_type=\"text-editor.default\">\n\t\t\t\t<div class=\"elementor-widget-container\">\n\t\t\t\t\t\t\t\t\t<p>Dunajska cesta 140, 1000 Ljubljana<\/p>\n\t\t\t\t\t\t\t\t<\/div>\n\t\t\t\t<\/div>\n\t\t\t\t<div class=\"elementor-element elementor-element-7a79939 elementor-widget elementor-widget-heading\" data-id=\"7a79939\" data-element_type=\"widget\" data-widget_type=\"heading.default\">\n\t\t\t\t<div class=\"elementor-widget-container\">\n\t\t\t\t\t<h2 class=\"elementor-heading-title elementor-size-default\">Mati\u010dna \u0161tevilka<\/h2>\t\t\t\t<\/div>\n\t\t\t\t<\/div>\n\t\t\t\t<div class=\"elementor-element elementor-element-78ba18f elementor-widget elementor-widget-text-editor\" data-id=\"78ba18f\" data-element_type=\"widget\" data-widget_type=\"text-editor.default\">\n\t\t\t\t<div class=\"elementor-widget-container\">\n\t\t\t\t\t\t\t\t\t<p>1816144000<\/p>\n\t\t\t\t\t\t\t\t<\/div>\n\t\t\t\t<\/div>\n\t\t\t\t<div class=\"elementor-element elementor-element-38d943a elementor-widget elementor-widget-heading\" data-id=\"38d943a\" data-element_type=\"widget\" data-widget_type=\"heading.default\">\n\t\t\t\t<div class=\"elementor-widget-container\">\n\t\t\t\t\t<h2 class=\"elementor-heading-title elementor-size-default\">Direktor dru\u017ebe<\/h2>\t\t\t\t<\/div>\n\t\t\t\t<\/div>\n\t\t\t\t<div class=\"elementor-element elementor-element-095be22 elementor-widget elementor-widget-text-editor\" data-id=\"095be22\" data-element_type=\"widget\" data-widget_type=\"text-editor.default\">\n\t\t\t\t<div class=\"elementor-widget-container\">\n\t\t\t\t\t\t\t\t\t<p>Ga\u0161per \u017dvan<\/p>\n\t\t\t\t\t\t\t\t<\/div>\n\t\t\t\t<\/div>\n\t\t\t\t<div class=\"elementor-element elementor-element-ab66609 elementor-widget elementor-widget-heading\" data-id=\"ab66609\" data-element_type=\"widget\" data-widget_type=\"heading.default\">\n\t\t\t\t<div class=\"elementor-widget-container\">\n\t\t\t\t\t<h2 class=\"elementor-heading-title elementor-size-default\">Ident. \u0161t. za DDV<\/h2>\t\t\t\t<\/div>\n\t\t\t\t<\/div>\n\t\t\t\t<div class=\"elementor-element elementor-element-c9b626c elementor-widget elementor-widget-text-editor\" data-id=\"c9b626c\" data-element_type=\"widget\" data-widget_type=\"text-editor.default\">\n\t\t\t\t<div class=\"elementor-widget-container\">\n\t\t\t\t\t\t\t\t\t<p>SI 28303628<\/p>\n\t\t\t\t\t\t\t\t<\/div>\n\t\t\t\t<\/div>\n\t\t\t\t<div class=\"elementor-element elementor-element-2bbbe2c elementor-widget elementor-widget-heading\" data-id=\"2bbbe2c\" data-element_type=\"widget\" data-widget_type=\"heading.default\">\n\t\t\t\t<div class=\"elementor-widget-container\">\n\t\t\t\t\t<h2 class=\"elementor-heading-title elementor-size-default\">Osnovni kapital<\/h2>\t\t\t\t<\/div>\n\t\t\t\t<\/div>\n\t\t\t\t<div class=\"elementor-element elementor-element-4cafeae elementor-widget elementor-widget-text-editor\" data-id=\"4cafeae\" data-element_type=\"widget\" data-widget_type=\"text-editor.default\">\n\t\t\t\t<div class=\"elementor-widget-container\">\n\t\t\t\t\t\t\t\t\t<p>54.711,00 EUR<\/p>\n\t\t\t\t\t\t\t\t<\/div>\n\t\t\t\t<\/div>\n\t\t\t\t<div class=\"elementor-element elementor-element-a106908 elementor-widget elementor-widget-heading\" data-id=\"a106908\" data-element_type=\"widget\" data-widget_type=\"heading.default\">\n\t\t\t\t<div class=\"elementor-widget-container\">\n\t\t\t\t\t<h2 class=\"elementor-heading-title elementor-size-default\">\u0160tevilke ra\u010dunov in poslovne banke<\/h2>\t\t\t\t<\/div>\n\t\t\t\t<\/div>\n\t\t\t\t<div class=\"elementor-element elementor-element-7a36846 elementor-widget elementor-widget-text-editor\" data-id=\"7a36846\" data-element_type=\"widget\" data-widget_type=\"text-editor.default\">\n\t\t\t\t<div class=\"elementor-widget-container\">\n\t\t\t\t\t\t\t\t\t<p>IBAN SI56 0203 6025 3687 545\u00a0<em>(NLB d.d.)<\/em><br \/>IBAN SI56 0400 0027 6775 570\u00a0<em>(OTP banka d.d.)<\/em><br \/>IBAN SI56 0700 0000 4510 978\u00a0<em>(GB d.d., Kranj)<\/em><br \/>IBAN SI56 2900 0005 1419 363\u00a0<em>(UNICREDIT BANKA SLOVENIJA d.d.)<\/em><br \/>IBAN SI56 3300 0000 8785 960\u00a0<em>(Addiko Bank d.d.)<\/em><br \/>IBAN SI56 3400 0102 2749 158\u00a0<em>(Sparkasse d.d.)<\/em><br \/>IBAN SI56 6100 0002 7785 706\u00a0<em>(DH d.d.)<\/em><\/p>\n\t\t\t\t\t\t\t\t<\/div>\n\t\t\t\t<\/div>\n\t\t\t\t\t<\/div>\n\t\t<\/div>\n\t\t\t\t\t<\/div>\n\t\t<\/section>\n\t\t\t\t<section class=\"elementor-section elementor-top-section elementor-element elementor-element-d955510 elementor-section-full_width privacy-policy elementor-section-height-default elementor-section-height-default parallax_section_no qode_elementor_container_no\" data-id=\"d955510\" data-element_type=\"section\" data-settings=\"{&quot;background_background&quot;:&quot;classic&quot;}\">\n\t\t\t\t\t\t<div class=\"elementor-container elementor-column-gap-default\">\n\t\t\t\t\t<div class=\"elementor-column elementor-col-100 elementor-top-column elementor-element elementor-element-12d783e\" data-id=\"12d783e\" data-element_type=\"column\">\n\t\t\t<div class=\"elementor-widget-wrap elementor-element-populated\">\n\t\t\t\t\t\t<div class=\"elementor-element elementor-element-9e15445 elementor-widget elementor-widget-text-editor\" data-id=\"9e15445\" data-element_type=\"widget\" data-widget_type=\"text-editor.default\">\n\t\t\t\t<div class=\"elementor-widget-container\">\n\t\t\t\t\t\t\t\t\t<p>Avant car je zavezanec za DDV, skladno z Zakonom o davku na dodano vrednost (ZDDV-1).<\/p>\n<p>Vpisano v sodni register pri Okro\u017enem sodi\u0161\u010du v Ljubljani pod vlo\u017eno \u0161tevilko: 1\/37657\/00<\/p>\n\t\t\t\t\t\t\t\t<\/div>\n\t\t\t\t<\/div>\n\t\t\t\t\t<\/div>\n\t\t<\/div>\n\t\t\t\t\t<\/div>\n\t\t<\/section>\n\t\t\t\t<\/div>\n\t\t","protected":false},"excerpt":{"rendered":"<p>Osnovni podatki Dolg naziv Avant car, poslovni in\u017eeniring, d.o.o. Skraj\u0161an naziv Avant car d.o.o. Sede\u017e dru\u017ebe Dunajska cesta 140, 1000 Ljubljana Telefon +386 1 589 08 50 E-naslov Dunajska cesta 140, 1000 Ljubljana Mati\u010dna \u0161tevilka 1816144000 Direktor dru\u017ebe Ga\u0161per \u017dvan Ident. \u0161t. za DDV SI&#8230;<\/p>\n","protected":false},"author":7,"featured_media":25326,"parent":0,"menu_order":0,"comment_status":"closed","ping_status":"closed","template":"full_width.php","meta":{"_acf_changed":false,"footnotes":""},"class_list":["post-27699","page","type-page","status-publish","has-post-thumbnail","hentry"],"acf":[],"yoast_head":"<!-- This site is optimized with the Yoast SEO plugin v26.3 - https:\/\/yoast.com\/wordpress\/plugins\/seo\/ -->\n<title>Osnovni podatki | Avant car | Rent a car | Najem vozila<\/title>\n<meta name=\"description\" content=\"Avant Car Slovenija - Osnovni Podatki\" \/>\n<meta name=\"robots\" content=\"index, follow, max-snippet:-1, max-image-preview:large, max-video-preview:-1\" \/>\n<link rel=\"canonical\" href=\"https:\/\/www.avantcar.si\/sl\/impressum\/\" \/>\n<meta property=\"og:locale\" content=\"sl_SI\" \/>\n<meta property=\"og:type\" content=\"article\" \/>\n<meta property=\"og:title\" content=\"Osnovni podatki | Avant car | Rent a car | Najem vozila\" \/>\n<meta property=\"og:description\" content=\"Avant Car Slovenija - Osnovni Podatki\" \/>\n<meta property=\"og:url\" content=\"https:\/\/www.avantcar.si\/sl\/impressum\/\" \/>\n<meta property=\"og:site_name\" content=\"Avantcar\" \/>\n<meta property=\"article:modified_time\" content=\"2025-11-05T14:39:26+00:00\" \/>\n<meta property=\"og:image\" content=\"https:\/\/www.avantcar.si\/wp-content\/uploads\/2020\/12\/reservations.png\" \/>\n\t<meta property=\"og:image:width\" content=\"1366\" \/>\n\t<meta property=\"og:image:height\" content=\"668\" \/>\n\t<meta property=\"og:image:type\" content=\"image\/png\" \/>\n<meta name=\"twitter:card\" content=\"summary_large_image\" \/>\n<meta name=\"twitter:label1\" content=\"Est. reading time\" \/>\n\t<meta name=\"twitter:data1\" content=\"1 minuta\" \/>\n<script type=\"application\/ld+json\" class=\"yoast-schema-graph\">{\"@context\":\"https:\/\/schema.org\",\"@graph\":[{\"@type\":\"WebPage\",\"@id\":\"https:\/\/www.avantcar.si\/sl\/impressum\/\",\"url\":\"https:\/\/www.avantcar.si\/sl\/impressum\/\",\"name\":\"Osnovni podatki | Avant car | Rent a car | Najem vozila\",\"isPartOf\":{\"@id\":\"https:\/\/www.avantcar.si\/sl\/#website\"},\"primaryImageOfPage\":{\"@id\":\"https:\/\/www.avantcar.si\/sl\/impressum\/#primaryimage\"},\"image\":{\"@id\":\"https:\/\/www.avantcar.si\/sl\/impressum\/#primaryimage\"},\"thumbnailUrl\":\"https:\/\/www.avantcar.si\/wp-content\/uploads\/2020\/12\/reservations.png\",\"datePublished\":\"2024-04-05T08:43:59+00:00\",\"dateModified\":\"2025-11-05T14:39:26+00:00\",\"description\":\"Avant Car Slovenija - Osnovni Podatki\",\"breadcrumb\":{\"@id\":\"https:\/\/www.avantcar.si\/sl\/impressum\/#breadcrumb\"},\"inLanguage\":\"sl-SI\",\"potentialAction\":[{\"@type\":\"ReadAction\",\"target\":[\"https:\/\/www.avantcar.si\/sl\/impressum\/\"]}]},{\"@type\":\"ImageObject\",\"inLanguage\":\"sl-SI\",\"@id\":\"https:\/\/www.avantcar.si\/sl\/impressum\/#primaryimage\",\"url\":\"https:\/\/www.avantcar.si\/wp-content\/uploads\/2020\/12\/reservations.png\",\"contentUrl\":\"https:\/\/www.avantcar.si\/wp-content\/uploads\/2020\/12\/reservations.png\",\"width\":1366,\"height\":668},{\"@type\":\"BreadcrumbList\",\"@id\":\"https:\/\/www.avantcar.si\/sl\/impressum\/#breadcrumb\",\"itemListElement\":[{\"@type\":\"ListItem\",\"position\":1,\"name\":\"Home\",\"item\":\"https:\/\/www.avantcar.si\/sl\/\"},{\"@type\":\"ListItem\",\"position\":2,\"name\":\"Osnovni podatki\"}]},{\"@type\":\"WebSite\",\"@id\":\"https:\/\/www.avantcar.si\/sl\/#website\",\"url\":\"https:\/\/www.avantcar.si\/sl\/\",\"name\":\"Avantcar\",\"description\":\"\",\"publisher\":{\"@id\":\"https:\/\/www.avantcar.si\/sl\/#organization\"},\"potentialAction\":[{\"@type\":\"SearchAction\",\"target\":{\"@type\":\"EntryPoint\",\"urlTemplate\":\"https:\/\/www.avantcar.si\/sl\/?s={search_term_string}\"},\"query-input\":{\"@type\":\"PropertyValueSpecification\",\"valueRequired\":true,\"valueName\":\"search_term_string\"}}],\"inLanguage\":\"sl-SI\"},{\"@type\":\"Organization\",\"@id\":\"https:\/\/www.avantcar.si\/sl\/#organization\",\"name\":\"Avantcar\",\"url\":\"https:\/\/www.avantcar.si\/sl\/\",\"logo\":{\"@type\":\"ImageObject\",\"inLanguage\":\"sl-SI\",\"@id\":\"https:\/\/www.avantcar.si\/sl\/#\/schema\/logo\/image\/\",\"url\":\"https:\/\/www.avantcar.si\/wp-content\/uploads\/2021\/04\/ugovor.png\",\"contentUrl\":\"https:\/\/www.avantcar.si\/wp-content\/uploads\/2021\/04\/ugovor.png\",\"width\":72,\"height\":72,\"caption\":\"Avantcar\"},\"image\":{\"@id\":\"https:\/\/www.avantcar.si\/sl\/#\/schema\/logo\/image\/\"}}]}<\/script>\n<!-- \/ Yoast SEO plugin. -->","yoast_head_json":{"title":"Osnovni podatki | Avant car | Rent a car | Najem vozila","description":"Avant Car Slovenija - Osnovni Podatki","robots":{"index":"index","follow":"follow","max-snippet":"max-snippet:-1","max-image-preview":"max-image-preview:large","max-video-preview":"max-video-preview:-1"},"canonical":"https:\/\/www.avantcar.si\/sl\/impressum\/","og_locale":"sl_SI","og_type":"article","og_title":"Osnovni podatki | Avant car | Rent a car | Najem vozila","og_description":"Avant Car Slovenija - Osnovni Podatki","og_url":"https:\/\/www.avantcar.si\/sl\/impressum\/","og_site_name":"Avantcar","article_modified_time":"2025-11-05T14:39:26+00:00","og_image":[{"width":1366,"height":668,"url":"https:\/\/www.avantcar.si\/wp-content\/uploads\/2020\/12\/reservations.png","type":"image\/png"}],"twitter_card":"summary_large_image","twitter_misc":{"Est. reading time":"1 minuta"},"schema":{"@context":"https:\/\/schema.org","@graph":[{"@type":"WebPage","@id":"https:\/\/www.avantcar.si\/sl\/impressum\/","url":"https:\/\/www.avantcar.si\/sl\/impressum\/","name":"Osnovni podatki | Avant car | Rent a car | Najem vozila","isPartOf":{"@id":"https:\/\/www.avantcar.si\/sl\/#website"},"primaryImageOfPage":{"@id":"https:\/\/www.avantcar.si\/sl\/impressum\/#primaryimage"},"image":{"@id":"https:\/\/www.avantcar.si\/sl\/impressum\/#primaryimage"},"thumbnailUrl":"https:\/\/www.avantcar.si\/wp-content\/uploads\/2020\/12\/reservations.png","datePublished":"2024-04-05T08:43:59+00:00","dateModified":"2025-11-05T14:39:26+00:00","description":"Avant Car Slovenija - Osnovni Podatki","breadcrumb":{"@id":"https:\/\/www.avantcar.si\/sl\/impressum\/#breadcrumb"},"inLanguage":"sl-SI","potentialAction":[{"@type":"ReadAction","target":["https:\/\/www.avantcar.si\/sl\/impressum\/"]}]},{"@type":"ImageObject","inLanguage":"sl-SI","@id":"https:\/\/www.avantcar.si\/sl\/impressum\/#primaryimage","url":"https:\/\/www.avantcar.si\/wp-content\/uploads\/2020\/12\/reservations.png","contentUrl":"https:\/\/www.avantcar.si\/wp-content\/uploads\/2020\/12\/reservations.png","width":1366,"height":668},{"@type":"BreadcrumbList","@id":"https:\/\/www.avantcar.si\/sl\/impressum\/#breadcrumb","itemListElement":[{"@type":"ListItem","position":1,"name":"Home","item":"https:\/\/www.avantcar.si\/sl\/"},{"@type":"ListItem","position":2,"name":"Osnovni podatki"}]},{"@type":"WebSite","@id":"https:\/\/www.avantcar.si\/sl\/#website","url":"https:\/\/www.avantcar.si\/sl\/","name":"Avantcar","description":"","publisher":{"@id":"https:\/\/www.avantcar.si\/sl\/#organization"},"potentialAction":[{"@type":"SearchAction","target":{"@type":"EntryPoint","urlTemplate":"https:\/\/www.avantcar.si\/sl\/?s={search_term_string}"},"query-input":{"@type":"PropertyValueSpecification","valueRequired":true,"valueName":"search_term_string"}}],"inLanguage":"sl-SI"},{"@type":"Organization","@id":"https:\/\/www.avantcar.si\/sl\/#organization","name":"Avantcar","url":"https:\/\/www.avantcar.si\/sl\/","logo":{"@type":"ImageObject","inLanguage":"sl-SI","@id":"https:\/\/www.avantcar.si\/sl\/#\/schema\/logo\/image\/","url":"https:\/\/www.avantcar.si\/wp-content\/uploads\/2021\/04\/ugovor.png","contentUrl":"https:\/\/www.avantcar.si\/wp-content\/uploads\/2021\/04\/ugovor.png","width":72,"height":72,"caption":"Avantcar"},"image":{"@id":"https:\/\/www.avantcar.si\/sl\/#\/schema\/logo\/image\/"}}]}},"_links":{"self":[{"href":"https:\/\/www.avantcar.si\/sl\/wp-json\/wp\/v2\/pages\/27699","targetHints":{"allow":["GET"]}}],"collection":[{"href":"https:\/\/www.avantcar.si\/sl\/wp-json\/wp\/v2\/pages"}],"about":[{"href":"https:\/\/www.avantcar.si\/sl\/wp-json\/wp\/v2\/types\/page"}],"author":[{"embeddable":true,"href":"https:\/\/www.avantcar.si\/sl\/wp-json\/wp\/v2\/users\/7"}],"replies":[{"embeddable":true,"href":"https:\/\/www.avantcar.si\/sl\/wp-json\/wp\/v2\/comments?post=27699"}],"version-history":[{"count":7,"href":"https:\/\/www.avantcar.si\/sl\/wp-json\/wp\/v2\/pages\/27699\/revisions"}],"predecessor-version":[{"id":30964,"href":"https:\/\/www.avantcar.si\/sl\/wp-json\/wp\/v2\/pages\/27699\/revisions\/30964"}],"wp:featuredmedia":[{"embeddable":true,"href":"https:\/\/www.avantcar.si\/sl\/wp-json\/wp\/v2\/media\/25326"}],"wp:attachment":[{"href":"https:\/\/www.avantcar.si\/sl\/wp-json\/wp\/v2\/media?parent=27699"}],"curies":[{"name":"wp","href":"https:\/\/api.w.org\/{rel}","templated":true}]}}