{"id":27975,"date":"2024-04-12T14:24:30","date_gmt":"2024-04-12T14:24:30","guid":{"rendered":"https:\/\/www.avantcar.si\/?page_id=27975"},"modified":"2024-04-12T14:28:01","modified_gmt":"2024-04-12T14:28:01","slug":"pogoji-uporabe","status":"publish","type":"page","link":"https:\/\/www.avantcar.si\/sl\/terms-of-use\/","title":{"rendered":"Pogoji uporabe"},"content":{"rendered":"\t\t<div data-elementor-type=\"wp-page\" data-elementor-id=\"27975\" class=\"elementor elementor-27975 elementor-27973\">\n\t\t\t\t\t\t<section class=\"elementor-section elementor-top-section elementor-element elementor-element-1fe3d75 elementor-section-full_width elementor-section-height-default elementor-section-height-default parallax_section_no qode_elementor_container_no\" data-id=\"1fe3d75\" data-element_type=\"section\" data-settings=\"{&quot;background_background&quot;:&quot;classic&quot;}\">\n\t\t\t\t\t\t<div class=\"elementor-container elementor-column-gap-default\">\n\t\t\t\t\t<div class=\"elementor-column elementor-col-100 elementor-top-column elementor-element elementor-element-114eb10\" data-id=\"114eb10\" data-element_type=\"column\">\n\t\t\t<div class=\"elementor-widget-wrap elementor-element-populated\">\n\t\t\t\t\t\t<div class=\"elementor-element elementor-element-b1b6491 elementor-widget elementor-widget-heading\" data-id=\"b1b6491\" data-element_type=\"widget\" data-widget_type=\"heading.default\">\n\t\t\t\t<div class=\"elementor-widget-container\">\n\t\t\t\t\t<h1 class=\"elementor-heading-title elementor-size-default\">Pogoji uporabe<\/h1>\t\t\t\t<\/div>\n\t\t\t\t<\/div>\n\t\t\t\t\t<\/div>\n\t\t<\/div>\n\t\t\t\t\t<\/div>\n\t\t<\/section>\n\t\t\t\t<section class=\"elementor-section elementor-top-section elementor-element elementor-element-0b21837 elementor-section-full_width privacy-policy elementor-section-height-default elementor-section-height-default parallax_section_no qode_elementor_container_no\" data-id=\"0b21837\" data-element_type=\"section\" data-settings=\"{&quot;background_background&quot;:&quot;classic&quot;}\">\n\t\t\t\t\t\t<div class=\"elementor-container elementor-column-gap-default\">\n\t\t\t\t\t<div class=\"elementor-column elementor-col-100 elementor-top-column elementor-element elementor-element-86f9314\" data-id=\"86f9314\" data-element_type=\"column\">\n\t\t\t<div class=\"elementor-widget-wrap elementor-element-populated\">\n\t\t\t\t\t\t<div class=\"elementor-element elementor-element-1462094 elementor-widget elementor-widget-heading\" data-id=\"1462094\" data-element_type=\"widget\" data-widget_type=\"heading.default\">\n\t\t\t\t<div class=\"elementor-widget-container\">\n\t\t\t\t\t<h2 class=\"elementor-heading-title elementor-size-default\">Strinjanje s pogoji<\/h2>\t\t\t\t<\/div>\n\t\t\t\t<\/div>\n\t\t\t\t<div class=\"elementor-element elementor-element-1b5df34 elementor-widget elementor-widget-text-editor\" data-id=\"1b5df34\" data-element_type=\"widget\" data-widget_type=\"text-editor.default\">\n\t\t\t\t<div class=\"elementor-widget-container\">\n\t\t\t\t\t\t\t\t\t<p>Pri podjetju Avant car smo na\u0161e spletno mesto oblikovali z namenom omogo\u010diti splo\u0161no informiranje o Avant car-ju in njegovih izdelkih, storitvah ter aktivnostih. S pregledovanjem ali uporabljanjem tega spletnega mesta potrjujete, da ste pogoje prebrali, da jih razumete ter se z njimi strinjate in jih v celoti sprejemate. \u010ce se z njimi ne strinjate, vas prosimo, da teh strani ne uporabljate. Priporo\u010damo vam, da ob\u010dasno obi\u0161\u010dete na\u0161o stran in ponovno pregledate veljavne pogoje uporabe, saj so ti pravno obvezujo\u010di.<\/p>\n<p>&nbsp;<\/p>\n<p><strong>Omejitev odgovornosti<\/strong><\/p>\n<p>Vse informacije in gradiva na spletnem mesti Avant car so informativne narave. Avant car se bo trudil za najbolj\u0161e mo\u017eno delovanje svojega spletnega mesta, vendar ne prevzema nikakr\u0161nih odgovornosti in garancij za njegovo nemoteno uporabo. Vsi uporabniki uporabljajo to spletno mesto na lastno odgovornost. Avant car ne odgovarja za nobeno \u0161kodo, ki bi izhajala iz dostopa, uporabe ali nezmo\u017enosti uporabe informacij in gradiv na spletnem mestu Avant car ali za kakr\u0161ne koli napake ali pomanjkljivosti v njihovi vsebini.<\/p>\n<p>&nbsp;<\/p>\n<p>Avant car se bo trudil za pravilnost, a\u017eurnost in popolnost podatkov, ki so na teh straneh, vendar ne prevzema nikakr\u0161ne odgovornosti o njihovi pravilnosti, a\u017eurnosti in popolnosti.<\/p>\n<p>&nbsp;<\/p>\n<p>Avant car lahko strani svojega spletnega mesta spremeni kadarkoli in brez predhodnega obvestila in ne prevzema nikakr\u0161ne odgovornosti za posledice teh sprememb.<\/p>\n<p>&nbsp;<\/p>\n<p><strong>Omejitev na osebno in nekomercialno rabo<\/strong><\/p>\n<p>Informacije in gradiva spletnega mesta Avant car so namenjene le za va\u0161o osebno in nekomercialno rabo. Besedil, fotografij, video-posnetkov in drugega gradiva, objavljenega na tem spletnem mestu, ne smete spreminjati, kopirati, distribuirati, prikazovati, izvajati, reproducirati, objavljati, licencirati, prena\u0161ati, prodajati ali ustvarjati iz njih izvedena dela. Dovoljeno je nalaganje in tiskanje informacij in gradiv z namenom ogledovanja in branja za nekomercialne namene.<\/p>\n<p>&nbsp;<\/p>\n<p><strong>Intelektualna lastnina in za\u0161\u010dita znamk<\/strong><\/p>\n<p>Vse pravice so pridr\u017eane. Informacije in gradiva na spletnem portalu Avant car so za\u0161\u010ditene s pravicami intelektualne lastnine podjetja Avant car in povezanih podjetij, katerih vsebine so vklju\u010dene v spletno mesto Avant car.<\/p>\n<p>&nbsp;<\/p>\n<p>Vse znamke na spletnem mestu so za\u0161\u010ditene, \u010de lastnik spletnega mesta Avant car ne dolo\u010di druga\u010de. To vklju\u010duje tudi vse lastnikove logotipe, znake in slogane. Uporaba znamk je dovoljena le s predhodnim dovoljenjem lastnika spletnega mesta Avant car.<\/p>\n<p>&nbsp;<\/p>\n<p><strong>Prepovedana in nezakonita uporaba<\/strong><\/p>\n<p>Spletno mesto avant car lahko uporabljate le pod pogojem, da ga ne boste uporabljali za nezakonite namene oziroma za tak\u0161ne, ki jih ti pogoji, zahteve in opombe prepovedujejo. Spletnega mesta ne smete uporabljati na kakr\u0161en koli na\u010din, ki bi lahko po\u0161kodoval, onemogo\u010dil, preobremenil ali \u0161kodil podjetju Avant car ali njegovim strankam. Strogo je prepovedano uporabljati ali kontaktirati to spletno mesto z namenom oviranja ali po\u0161kodovanja njegove vsebine ali varnostnih ukrepov ali nadlegovati oz. omalo\u017eevati Avant car, njegove storitve ali osebje. Prepovedano je usmerjanje neza\u017eelene elektronske po\u0161te (spam) na to spletno mesto ali preko njega. Prepovedan je vsak poizkus pridobivanja nepoobla\u0161\u010denega dostopa do ra\u010dunalni\u0161kih sistemov Avant car-ja s hekerskimi posegi, pridobivanjem gesel ali drugimi na\u010dini. Avant car je popolnoma upravi\u010den, da presodi, \u010de katera koli uporaba kr\u0161i ta pravila in da ukrepa, kot se mu zdi primerno v primeru kakr\u0161ne koli kr\u0161itve. Kr\u0161itve sistema ali varnosti omre\u017eja lahko privedejo do civilne ali kazenske odgovornosti.<\/p>\n<p>&nbsp;<\/p>\n<p><strong>Povezave z mesti tretjih oseb<\/strong><\/p>\n<p>Spletno mesto Avant car lahko vsebujejo povezave ali reference na spletna mesta, vire in informacije tretjih oseb. Povezana mesta niso pod nadzorom podjetja Avant car, zato Avant car ni odgovoren za vsebine na katerem koli povezanem mestu ali za katero koli povezavo na povezanem mestu, kakor tudi ne za spremembe ali posodobitve na teh povezanih mestih. Pri obisku in uporabi povezanih spletnih strani je odgovornost podjetja Avant car za vse primere izklju\u010dena.<\/p>\n<p>&nbsp;<\/p>\n<p><strong>Sprememba Pogojev uporabe spletnega mesta avantcar.com<\/strong><\/p>\n<p>Avant car lahko Pogoje ob\u010dasno posodobi skladno s spremembami na\u0161ih storitev in na podlagi povratnih informacij uporabnikov. Vse spremembe Pogojev bomo objavili na tem mestu in posodobili datum zadnje spremembe. V primeru znatnih sprememb vas bomo obvestili na vidnem mestu oziroma z neposrednim obvestilom.<\/p>\n<p>&nbsp;<\/p>\n<p><strong>Va\u0161a vpra\u0161anja in predlogi<\/strong><\/p>\n<p>V primeru kakr\u0161nih koli vpra\u0161anj, pomislekov ali predlogov glede Pogojev uporabe spletnega mesta Avant car, vas prosimo, da nam jih posredujete preko spletnega obrazca ali se obrnete na na\u0161 Center za pomo\u010d strankam.<\/p>\n\t\t\t\t\t\t\t\t<\/div>\n\t\t\t\t<\/div>\n\t\t\t\t<div class=\"elementor-element elementor-element-ef2f99f elementor-widget elementor-widget-html\" data-id=\"ef2f99f\" data-element_type=\"widget\" data-widget_type=\"html.default\">\n\t\t\t\t<div class=\"elementor-widget-container\">\n\t\t\t\t\t<div>\r\n    <a href=\"https:\/\/avantcar.si\/sl\/legal-notice\/\">\r\n        <button class=\"tos-btn\">Vrnitev na Pravna Obvestila<\/button>\r\n    <\/a>\r\n<\/div>\t\t\t\t<\/div>\n\t\t\t\t<\/div>\n\t\t\t\t\t<\/div>\n\t\t<\/div>\n\t\t\t\t\t<\/div>\n\t\t<\/section>\n\t\t\t\t<\/div>\n\t\t","protected":false},"excerpt":{"rendered":"<p>Pogoji uporabe Strinjanje s pogoji Pri podjetju Avant car smo na\u0161e spletno mesto oblikovali z namenom omogo\u010diti splo\u0161no informiranje o Avant car-ju in njegovih izdelkih, storitvah ter aktivnostih. S pregledovanjem ali uporabljanjem tega spletnega mesta potrjujete, da ste pogoje prebrali, da jih razumete ter se&#8230;<\/p>\n","protected":false},"author":7,"featured_media":25776,"parent":27691,"menu_order":0,"comment_status":"closed","ping_status":"closed","template":"full_width.php","meta":{"_acf_changed":false,"footnotes":""},"class_list":["post-27975","page","type-page","status-publish","has-post-thumbnail","hentry"],"acf":[],"yoast_head":"<!-- This site is optimized with the Yoast SEO plugin v26.3 - https:\/\/yoast.com\/wordpress\/plugins\/seo\/ -->\n<title>Pogoji uporabe | Avant car | Rent a car | Car sharing<\/title>\n<meta name=\"description\" content=\"V dru\u017ebi Avant car d.o.o. se zavedamo pomena varovanja va\u0161e zasebnosti in osebnih podatkov.\" \/>\n<meta name=\"robots\" content=\"index, follow, max-snippet:-1, max-image-preview:large, max-video-preview:-1\" \/>\n<link rel=\"canonical\" href=\"https:\/\/www.avantcar.si\/sl\/terms-of-use\/\" \/>\n<meta property=\"og:locale\" content=\"sl_SI\" \/>\n<meta property=\"og:type\" content=\"article\" \/>\n<meta property=\"og:title\" content=\"Pogoji uporabe | Avant car | Rent a car | Car sharing\" \/>\n<meta property=\"og:description\" content=\"V dru\u017ebi Avant car d.o.o. se zavedamo pomena varovanja va\u0161e zasebnosti in osebnih podatkov.\" \/>\n<meta property=\"og:url\" content=\"https:\/\/www.avantcar.si\/sl\/terms-of-use\/\" \/>\n<meta property=\"og:site_name\" content=\"Avantcar\" \/>\n<meta property=\"article:modified_time\" content=\"2024-04-12T14:28:01+00:00\" \/>\n<meta property=\"og:image\" content=\"https:\/\/www.avantcar.si\/wp-content\/uploads\/2021\/04\/dubrovnik-downtown.jpg\" \/>\n\t<meta property=\"og:image:width\" content=\"1163\" \/>\n\t<meta property=\"og:image:height\" content=\"872\" \/>\n\t<meta property=\"og:image:type\" content=\"image\/jpeg\" \/>\n<meta name=\"twitter:card\" content=\"summary_large_image\" \/>\n<meta name=\"twitter:label1\" content=\"Est. reading time\" \/>\n\t<meta name=\"twitter:data1\" content=\"4 minute\" \/>\n<script type=\"application\/ld+json\" class=\"yoast-schema-graph\">{\"@context\":\"https:\/\/schema.org\",\"@graph\":[{\"@type\":\"WebPage\",\"@id\":\"https:\/\/www.avantcar.si\/sl\/terms-of-use\/\",\"url\":\"https:\/\/www.avantcar.si\/sl\/terms-of-use\/\",\"name\":\"Pogoji uporabe | Avant car | Rent a car | Car sharing\",\"isPartOf\":{\"@id\":\"https:\/\/www.avantcar.si\/sl\/#website\"},\"primaryImageOfPage\":{\"@id\":\"https:\/\/www.avantcar.si\/sl\/terms-of-use\/#primaryimage\"},\"image\":{\"@id\":\"https:\/\/www.avantcar.si\/sl\/terms-of-use\/#primaryimage\"},\"thumbnailUrl\":\"https:\/\/www.avantcar.si\/wp-content\/uploads\/2021\/04\/dubrovnik-downtown.jpg\",\"datePublished\":\"2024-04-12T14:24:30+00:00\",\"dateModified\":\"2024-04-12T14:28:01+00:00\",\"description\":\"V dru\u017ebi Avant car d.o.o. se zavedamo pomena varovanja va\u0161e zasebnosti in osebnih podatkov.\",\"breadcrumb\":{\"@id\":\"https:\/\/www.avantcar.si\/sl\/terms-of-use\/#breadcrumb\"},\"inLanguage\":\"sl-SI\",\"potentialAction\":[{\"@type\":\"ReadAction\",\"target\":[\"https:\/\/www.avantcar.si\/sl\/terms-of-use\/\"]}]},{\"@type\":\"ImageObject\",\"inLanguage\":\"sl-SI\",\"@id\":\"https:\/\/www.avantcar.si\/sl\/terms-of-use\/#primaryimage\",\"url\":\"https:\/\/www.avantcar.si\/wp-content\/uploads\/2021\/04\/dubrovnik-downtown.jpg\",\"contentUrl\":\"https:\/\/www.avantcar.si\/wp-content\/uploads\/2021\/04\/dubrovnik-downtown.jpg\",\"width\":1163,\"height\":872},{\"@type\":\"BreadcrumbList\",\"@id\":\"https:\/\/www.avantcar.si\/sl\/terms-of-use\/#breadcrumb\",\"itemListElement\":[{\"@type\":\"ListItem\",\"position\":1,\"name\":\"Home\",\"item\":\"https:\/\/www.avantcar.si\/sl\/\"},{\"@type\":\"ListItem\",\"position\":2,\"name\":\"Pravna Obvestila\",\"item\":\"https:\/\/www.avantcar.si\/sl\/legal-notice\/\"},{\"@type\":\"ListItem\",\"position\":3,\"name\":\"Pogoji uporabe\"}]},{\"@type\":\"WebSite\",\"@id\":\"https:\/\/www.avantcar.si\/sl\/#website\",\"url\":\"https:\/\/www.avantcar.si\/sl\/\",\"name\":\"Avantcar\",\"description\":\"\",\"publisher\":{\"@id\":\"https:\/\/www.avantcar.si\/sl\/#organization\"},\"potentialAction\":[{\"@type\":\"SearchAction\",\"target\":{\"@type\":\"EntryPoint\",\"urlTemplate\":\"https:\/\/www.avantcar.si\/sl\/?s={search_term_string}\"},\"query-input\":{\"@type\":\"PropertyValueSpecification\",\"valueRequired\":true,\"valueName\":\"search_term_string\"}}],\"inLanguage\":\"sl-SI\"},{\"@type\":\"Organization\",\"@id\":\"https:\/\/www.avantcar.si\/sl\/#organization\",\"name\":\"Avantcar\",\"url\":\"https:\/\/www.avantcar.si\/sl\/\",\"logo\":{\"@type\":\"ImageObject\",\"inLanguage\":\"sl-SI\",\"@id\":\"https:\/\/www.avantcar.si\/sl\/#\/schema\/logo\/image\/\",\"url\":\"https:\/\/www.avantcar.si\/wp-content\/uploads\/2021\/04\/ugovor.png\",\"contentUrl\":\"https:\/\/www.avantcar.si\/wp-content\/uploads\/2021\/04\/ugovor.png\",\"width\":72,\"height\":72,\"caption\":\"Avantcar\"},\"image\":{\"@id\":\"https:\/\/www.avantcar.si\/sl\/#\/schema\/logo\/image\/\"}}]}<\/script>\n<!-- \/ Yoast SEO plugin. -->","yoast_head_json":{"title":"Pogoji uporabe | Avant car | Rent a car | Car sharing","description":"V dru\u017ebi Avant car d.o.o. se zavedamo pomena varovanja va\u0161e zasebnosti in osebnih podatkov.","robots":{"index":"index","follow":"follow","max-snippet":"max-snippet:-1","max-image-preview":"max-image-preview:large","max-video-preview":"max-video-preview:-1"},"canonical":"https:\/\/www.avantcar.si\/sl\/terms-of-use\/","og_locale":"sl_SI","og_type":"article","og_title":"Pogoji uporabe | Avant car | Rent a car | Car sharing","og_description":"V dru\u017ebi Avant car d.o.o. se zavedamo pomena varovanja va\u0161e zasebnosti in osebnih podatkov.","og_url":"https:\/\/www.avantcar.si\/sl\/terms-of-use\/","og_site_name":"Avantcar","article_modified_time":"2024-04-12T14:28:01+00:00","og_image":[{"width":1163,"height":872,"url":"https:\/\/www.avantcar.si\/wp-content\/uploads\/2021\/04\/dubrovnik-downtown.jpg","type":"image\/jpeg"}],"twitter_card":"summary_large_image","twitter_misc":{"Est. reading time":"4 minute"},"schema":{"@context":"https:\/\/schema.org","@graph":[{"@type":"WebPage","@id":"https:\/\/www.avantcar.si\/sl\/terms-of-use\/","url":"https:\/\/www.avantcar.si\/sl\/terms-of-use\/","name":"Pogoji uporabe | Avant car | Rent a car | Car sharing","isPartOf":{"@id":"https:\/\/www.avantcar.si\/sl\/#website"},"primaryImageOfPage":{"@id":"https:\/\/www.avantcar.si\/sl\/terms-of-use\/#primaryimage"},"image":{"@id":"https:\/\/www.avantcar.si\/sl\/terms-of-use\/#primaryimage"},"thumbnailUrl":"https:\/\/www.avantcar.si\/wp-content\/uploads\/2021\/04\/dubrovnik-downtown.jpg","datePublished":"2024-04-12T14:24:30+00:00","dateModified":"2024-04-12T14:28:01+00:00","description":"V dru\u017ebi Avant car d.o.o. se zavedamo pomena varovanja va\u0161e zasebnosti in osebnih podatkov.","breadcrumb":{"@id":"https:\/\/www.avantcar.si\/sl\/terms-of-use\/#breadcrumb"},"inLanguage":"sl-SI","potentialAction":[{"@type":"ReadAction","target":["https:\/\/www.avantcar.si\/sl\/terms-of-use\/"]}]},{"@type":"ImageObject","inLanguage":"sl-SI","@id":"https:\/\/www.avantcar.si\/sl\/terms-of-use\/#primaryimage","url":"https:\/\/www.avantcar.si\/wp-content\/uploads\/2021\/04\/dubrovnik-downtown.jpg","contentUrl":"https:\/\/www.avantcar.si\/wp-content\/uploads\/2021\/04\/dubrovnik-downtown.jpg","width":1163,"height":872},{"@type":"BreadcrumbList","@id":"https:\/\/www.avantcar.si\/sl\/terms-of-use\/#breadcrumb","itemListElement":[{"@type":"ListItem","position":1,"name":"Home","item":"https:\/\/www.avantcar.si\/sl\/"},{"@type":"ListItem","position":2,"name":"Pravna Obvestila","item":"https:\/\/www.avantcar.si\/sl\/legal-notice\/"},{"@type":"ListItem","position":3,"name":"Pogoji uporabe"}]},{"@type":"WebSite","@id":"https:\/\/www.avantcar.si\/sl\/#website","url":"https:\/\/www.avantcar.si\/sl\/","name":"Avantcar","description":"","publisher":{"@id":"https:\/\/www.avantcar.si\/sl\/#organization"},"potentialAction":[{"@type":"SearchAction","target":{"@type":"EntryPoint","urlTemplate":"https:\/\/www.avantcar.si\/sl\/?s={search_term_string}"},"query-input":{"@type":"PropertyValueSpecification","valueRequired":true,"valueName":"search_term_string"}}],"inLanguage":"sl-SI"},{"@type":"Organization","@id":"https:\/\/www.avantcar.si\/sl\/#organization","name":"Avantcar","url":"https:\/\/www.avantcar.si\/sl\/","logo":{"@type":"ImageObject","inLanguage":"sl-SI","@id":"https:\/\/www.avantcar.si\/sl\/#\/schema\/logo\/image\/","url":"https:\/\/www.avantcar.si\/wp-content\/uploads\/2021\/04\/ugovor.png","contentUrl":"https:\/\/www.avantcar.si\/wp-content\/uploads\/2021\/04\/ugovor.png","width":72,"height":72,"caption":"Avantcar"},"image":{"@id":"https:\/\/www.avantcar.si\/sl\/#\/schema\/logo\/image\/"}}]}},"_links":{"self":[{"href":"https:\/\/www.avantcar.si\/sl\/wp-json\/wp\/v2\/pages\/27975","targetHints":{"allow":["GET"]}}],"collection":[{"href":"https:\/\/www.avantcar.si\/sl\/wp-json\/wp\/v2\/pages"}],"about":[{"href":"https:\/\/www.avantcar.si\/sl\/wp-json\/wp\/v2\/types\/page"}],"author":[{"embeddable":true,"href":"https:\/\/www.avantcar.si\/sl\/wp-json\/wp\/v2\/users\/7"}],"replies":[{"embeddable":true,"href":"https:\/\/www.avantcar.si\/sl\/wp-json\/wp\/v2\/comments?post=27975"}],"version-history":[{"count":7,"href":"https:\/\/www.avantcar.si\/sl\/wp-json\/wp\/v2\/pages\/27975\/revisions"}],"predecessor-version":[{"id":27997,"href":"https:\/\/www.avantcar.si\/sl\/wp-json\/wp\/v2\/pages\/27975\/revisions\/27997"}],"up":[{"embeddable":true,"href":"https:\/\/www.avantcar.si\/sl\/wp-json\/wp\/v2\/pages\/27691"}],"wp:featuredmedia":[{"embeddable":true,"href":"https:\/\/www.avantcar.si\/sl\/wp-json\/wp\/v2\/media\/25776"}],"wp:attachment":[{"href":"https:\/\/www.avantcar.si\/sl\/wp-json\/wp\/v2\/media?parent=27975"}],"curies":[{"name":"wp","href":"https:\/\/api.w.org\/{rel}","templated":true}]}}