{"id":30707,"date":"2025-10-10T09:47:30","date_gmt":"2025-10-10T09:47:30","guid":{"rendered":"https:\/\/bbb.avantcar.si\/?page_id=30707"},"modified":"2025-11-06T11:34:05","modified_gmt":"2025-11-06T11:34:05","slug":"partnerstva","status":"publish","type":"page","link":"https:\/\/www.avantcar.si\/sl\/o-nas\/partnerstva\/","title":{"rendered":"Partnerstva"},"content":{"rendered":"\t\t<div data-elementor-type=\"wp-page\" data-elementor-id=\"30707\" class=\"elementor elementor-30707 elementor-30705\">\n\t\t\t\t\t\t<section class=\"elementor-section elementor-top-section elementor-element elementor-element-1fe3d75 elementor-section-full_width green-header elementor-section-height-default elementor-section-height-default parallax_section_no qode_elementor_container_no\" data-id=\"1fe3d75\" data-element_type=\"section\" data-e-type=\"section\" data-settings=\"{&quot;background_background&quot;:&quot;classic&quot;}\">\n\t\t\t\t\t\t<div class=\"elementor-container elementor-column-gap-default\">\n\t\t\t\t\t<div class=\"elementor-column elementor-col-100 elementor-top-column elementor-element elementor-element-76d82cd\" data-id=\"76d82cd\" data-element_type=\"column\" data-e-type=\"column\">\n\t\t\t<div class=\"elementor-widget-wrap\">\n\t\t\t\t\t\t\t<\/div>\n\t\t<\/div>\n\t\t\t\t\t<\/div>\n\t\t<\/section>\n\t\t\t\t<section class=\"elementor-section elementor-top-section elementor-element elementor-element-0227367 add-pad-t-small add-pad-lr add-pad-b elementor-section-boxed elementor-section-height-default elementor-section-height-default parallax_section_no qode_elementor_container_no\" data-id=\"0227367\" data-element_type=\"section\" data-e-type=\"section\" data-settings=\"{&quot;background_background&quot;:&quot;classic&quot;}\">\n\t\t\t\t\t\t<div class=\"elementor-container elementor-column-gap-default\">\n\t\t\t\t\t<div class=\"elementor-column elementor-col-100 elementor-top-column elementor-element elementor-element-8c52e32\" data-id=\"8c52e32\" data-element_type=\"column\" data-e-type=\"column\">\n\t\t\t<div class=\"elementor-widget-wrap elementor-element-populated\">\n\t\t\t\t\t\t<div class=\"elementor-element elementor-element-235abab elementor-widget elementor-widget-image\" data-id=\"235abab\" data-element_type=\"widget\" data-e-type=\"widget\" data-widget_type=\"image.default\">\n\t\t\t\t<div class=\"elementor-widget-container\">\n\t\t\t\t\t\t\t\t\t\t\t\t\t\t\t<img decoding=\"async\" src=\"https:\/\/www.avantcar.si\/wp-content\/uploads\/2025\/10\/Ac_X_Ab.svg\" class=\"attachment-full size-full wp-image-30727\" alt=\"\" \/>\t\t\t\t\t\t\t\t\t\t\t\t\t\t\t<\/div>\n\t\t\t\t<\/div>\n\t\t\t\t<div class=\"elementor-element elementor-element-882b169 elementor-widget elementor-widget-text-editor\" data-id=\"882b169\" data-element_type=\"widget\" data-e-type=\"widget\" data-widget_type=\"text-editor.default\">\n\t\t\t\t<div class=\"elementor-widget-container\">\n\t\t\t\t\t\t\t\t\t<p>Mo\u010dna poslovna partnerstva so temelj na\u0161e stalne rasti na podro\u010dju mobilnosti. Skupaj z na\u0161imi regionalnimi partnerji zagotavljamo inovativne in zanesljive re\u0161itve za upravljanje voznih parkov, ki potrjujejo na\u0161o zavezanost kakovosti in dolgoro\u010dni trajnosti.<\/p>\n\t\t\t\t\t\t\t\t<\/div>\n\t\t\t\t<\/div>\n\t\t\t\t\t<\/div>\n\t\t<\/div>\n\t\t\t\t\t<\/div>\n\t\t<\/section>\n\t\t\t\t<section class=\"elementor-section elementor-top-section elementor-element elementor-element-eaf74e7 add-pad-lr add-pad-b elementor-section-boxed elementor-section-height-default elementor-section-height-default parallax_section_no qode_elementor_container_no\" data-id=\"eaf74e7\" data-element_type=\"section\" data-e-type=\"section\" data-settings=\"{&quot;background_background&quot;:&quot;classic&quot;}\">\n\t\t\t\t\t\t<div class=\"elementor-container elementor-column-gap-default\">\n\t\t\t\t\t<div class=\"elementor-column elementor-col-100 elementor-top-column elementor-element elementor-element-b90c2ad\" data-id=\"b90c2ad\" data-element_type=\"column\" data-e-type=\"column\">\n\t\t\t<div class=\"elementor-widget-wrap elementor-element-populated\">\n\t\t\t\t\t\t<div class=\"elementor-element elementor-element-b7a4531 emobility-h2 elementor-widget elementor-widget-heading\" data-id=\"b7a4531\" data-element_type=\"widget\" data-e-type=\"widget\" data-widget_type=\"heading.default\">\n\t\t\t\t<div class=\"elementor-widget-container\">\n\t\t\t\t\t<h2 class=\"elementor-heading-title elementor-size-default\"><a href=\"https:\/\/www.avantcar.si\/sl\/contact-support\/\">Avant Car - \u010dlan skupine Alphabet OneNet<\/a><\/h2>\t\t\t\t<\/div>\n\t\t\t\t<\/div>\n\t\t\t\t<div class=\"elementor-element elementor-element-315f456 elementor-widget elementor-widget-text-editor\" data-id=\"315f456\" data-element_type=\"widget\" data-e-type=\"widget\" data-widget_type=\"text-editor.default\">\n\t\t\t\t<div class=\"elementor-widget-container\">\n\t\t\t\t\t\t\t\t\t<p>Avant car v slovenskem tr\u017enem prostoru sodeluje s podjetjem Alphabet International kot vodilni ponudnik mobilnosti kot storitve (MaaS &#8211; Mobility as a Service), specializiran za upravljanje voznih parkov, operativnega leasinga, kratkoro\u010dnih najemov in trajnostne mobilnosti (e-mobilnost, digitalne platforme, izobra\u017eevanja in inovativni poslovni modeli). Avant car ponuja celoten nabor Alphabetovih produktov in storitev, kot so kartice za gorivo, nadomestna vozila, pomo\u010d na cesti ter pravno zavarovanje.<\/p>\n\t\t\t\t\t\t\t\t<\/div>\n\t\t\t\t<\/div>\n\t\t\t\t<div class=\"elementor-element elementor-element-2578868 emobility-h2 elementor-widget elementor-widget-heading\" data-id=\"2578868\" data-element_type=\"widget\" data-e-type=\"widget\" data-widget_type=\"heading.default\">\n\t\t\t\t<div class=\"elementor-widget-container\">\n\t\t\t\t\t<h2 class=\"elementor-heading-title elementor-size-default\"><a href=\"https:\/\/www.avantcar.si\/sl\/contact-support\/\">Alphabet - na\u0161 partner na podro\u010dju poslovnih najemov<\/a><\/h2>\t\t\t\t<\/div>\n\t\t\t\t<\/div>\n\t\t\t\t<div class=\"elementor-element elementor-element-e5179ad elementor-widget elementor-widget-text-editor\" data-id=\"e5179ad\" data-element_type=\"widget\" data-e-type=\"widget\" data-widget_type=\"text-editor.default\">\n\t\t\t\t<div class=\"elementor-widget-container\">\n\t\t\t\t\t\t\t\t\t<p>Alphabet je vodilni svetovni ponudnik poslovnih re\u0161itev na podro\u010dju mobilnosti. Podjetje je bilo ustanovljeno leta 1997 v Zdru\u017eenem kraljestvu kot oddelek skupine BMW Group. \u00a0Njihova strokovnost na podro\u010dju upravljanja osebnih in gospodarskih vozil podjetjem pomaga u\u010dinkovito in trajnostno upravljati svoje mobilnostne potrebe. Usmerjenost v prihodnost in odgovorno delovanje sta zmeraj predstavljala temelj poslovnega uspeha podjetja Alphabet.<\/p>\n<p>&nbsp;<\/p>\n<p data-start=\"458\" data-end=\"934\">S svojim portfeljem inovativnih, digitalnih in prilagodljivih mobilnostnih re\u0161itev, Alphabet spodbuja trajnostne spremembe: s storitvami Alphabet Rent, Alphabet Mobility Budget, aplikacijo Alphabet App ter celostnim pristopom, ki vklju\u010duje svetovanje na podro\u010dju e-mobilnosti za prilagojeno strategijo elektrifikacije voznih parkov. S svetovanjem o emisijah z orodjem Alphabet Carbon Manager, Alphabet svojim strankam pomaga zmanj\u0161ati oglji\u010dni odtis in graditi bolj\u0161o prihodnost mobilnosti.<\/p>\n<p><\/p>\n<p data-start=\"458\" data-end=\"934\">\n<p><\/p>\n<p data-start=\"936\" data-end=\"1227\" data-is-last-node=\"\" data-is-only-node=\"\">Danes Alphabet upravlja portfelj ve\u010d kot 720.000 najetih osebnih in lahkih gospodarskih vozil vseh znamk, v 38 dr\u017eavah sveta. Sede\u017e podjetja se nahaja v M\u00fcnchnu v Nem\u010diji. Kot del skupine BMW Group, Alphabet deluje v skladu z enakimi visokimi standardi kakovosti in procesov, kot mati\u010dno podjetje.<\/p>\n\t\t\t\t\t\t\t\t<\/div>\n\t\t\t\t<\/div>\n\t\t\t\t<div class=\"elementor-element elementor-element-958b2b1 ev-btn-container elementor-widget elementor-widget-html\" data-id=\"958b2b1\" data-element_type=\"widget\" data-e-type=\"widget\" data-widget_type=\"html.default\">\n\t\t\t\t<div class=\"elementor-widget-container\">\n\t\t\t\t\t<div>\r\n    <a href=\"https:\/\/www.alphabet.com\/\" target=\"_blank\">\r\n        <button class=\"more-btn\">Izvedite ve\u010d<\/button>\r\n    <\/a>\r\n<\/div>\t\t\t\t<\/div>\n\t\t\t\t<\/div>\n\t\t\t\t\t<\/div>\n\t\t<\/div>\n\t\t\t\t\t<\/div>\n\t\t<\/section>\n\t\t\t\t<\/div>\n\t\t","protected":false},"excerpt":{"rendered":"<p>Mo\u010dna poslovna partnerstva so temelj na\u0161e stalne rasti na podro\u010dju mobilnosti. Skupaj z na\u0161imi regionalnimi partnerji zagotavljamo inovativne in zanesljive re\u0161itve za upravljanje voznih parkov, ki potrjujejo na\u0161o zavezanost kakovosti in dolgoro\u010dni trajnosti. Avant Car &#8211; \u010dlan skupine Alphabet OneNet Avant car v slovenskem tr\u017enem&#8230;<\/p>\n","protected":false},"author":7,"featured_media":25087,"parent":26849,"menu_order":0,"comment_status":"closed","ping_status":"closed","template":"full_width.php","meta":{"_acf_changed":false,"footnotes":""},"class_list":["post-30707","page","type-page","status-publish","has-post-thumbnail","hentry"],"acf":[],"yoast_head":"<!-- This site is optimized with the Yoast SEO plugin v27.5 - https:\/\/yoast.com\/product\/yoast-seo-wordpress\/ -->\n<title>Partnerstva<\/title>\n<meta name=\"description\" content=\"Avant Car | Poslovna partnerstva\" \/>\n<meta name=\"robots\" content=\"index, follow, max-snippet:-1, max-image-preview:large, max-video-preview:-1\" \/>\n<link rel=\"canonical\" href=\"https:\/\/www.avantcar.si\/sl\/o-nas\/partnerstva\/\" \/>\n<meta property=\"og:locale\" content=\"sl_SI\" \/>\n<meta property=\"og:type\" content=\"article\" \/>\n<meta property=\"og:title\" content=\"Partnerstva\" \/>\n<meta property=\"og:description\" content=\"Avant Car | Poslovna partnerstva\" \/>\n<meta property=\"og:url\" content=\"https:\/\/www.avantcar.si\/sl\/o-nas\/partnerstva\/\" \/>\n<meta property=\"og:site_name\" content=\"Avantcar\" \/>\n<meta property=\"article:modified_time\" content=\"2025-11-06T11:34:05+00:00\" \/>\n<meta property=\"og:image\" content=\"https:\/\/www.avantcar.si\/wp-content\/uploads\/2024\/01\/RAC-L.jpg\" \/>\n\t<meta property=\"og:image:width\" content=\"1080\" \/>\n\t<meta property=\"og:image:height\" content=\"810\" \/>\n\t<meta property=\"og:image:type\" content=\"image\/jpeg\" \/>\n<meta name=\"twitter:card\" content=\"summary_large_image\" \/>\n<meta name=\"twitter:label1\" content=\"Est. reading time\" \/>\n\t<meta name=\"twitter:data1\" content=\"2 minuti\" \/>\n<script type=\"application\/ld+json\" class=\"yoast-schema-graph\">{\"@context\":\"https:\\\/\\\/schema.org\",\"@graph\":[{\"@type\":\"WebPage\",\"@id\":\"https:\\\/\\\/www.avantcar.si\\\/sl\\\/o-nas\\\/partnerstva\\\/\",\"url\":\"https:\\\/\\\/www.avantcar.si\\\/sl\\\/o-nas\\\/partnerstva\\\/\",\"name\":\"Partnerstva\",\"isPartOf\":{\"@id\":\"https:\\\/\\\/www.avantcar.si\\\/sl\\\/#website\"},\"primaryImageOfPage\":{\"@id\":\"https:\\\/\\\/www.avantcar.si\\\/sl\\\/o-nas\\\/partnerstva\\\/#primaryimage\"},\"image\":{\"@id\":\"https:\\\/\\\/www.avantcar.si\\\/sl\\\/o-nas\\\/partnerstva\\\/#primaryimage\"},\"thumbnailUrl\":\"https:\\\/\\\/www.avantcar.si\\\/wp-content\\\/uploads\\\/2024\\\/01\\\/RAC-L.jpg\",\"datePublished\":\"2025-10-10T09:47:30+00:00\",\"dateModified\":\"2025-11-06T11:34:05+00:00\",\"description\":\"Avant Car | Poslovna partnerstva\",\"breadcrumb\":{\"@id\":\"https:\\\/\\\/www.avantcar.si\\\/sl\\\/o-nas\\\/partnerstva\\\/#breadcrumb\"},\"inLanguage\":\"sl-SI\",\"potentialAction\":[{\"@type\":\"ReadAction\",\"target\":[\"https:\\\/\\\/www.avantcar.si\\\/sl\\\/o-nas\\\/partnerstva\\\/\"]}]},{\"@type\":\"ImageObject\",\"inLanguage\":\"sl-SI\",\"@id\":\"https:\\\/\\\/www.avantcar.si\\\/sl\\\/o-nas\\\/partnerstva\\\/#primaryimage\",\"url\":\"https:\\\/\\\/www.avantcar.si\\\/wp-content\\\/uploads\\\/2024\\\/01\\\/RAC-L.jpg\",\"contentUrl\":\"https:\\\/\\\/www.avantcar.si\\\/wp-content\\\/uploads\\\/2024\\\/01\\\/RAC-L.jpg\",\"width\":1080,\"height\":810,\"caption\":\"Rent a Car Slovenia\"},{\"@type\":\"BreadcrumbList\",\"@id\":\"https:\\\/\\\/www.avantcar.si\\\/sl\\\/o-nas\\\/partnerstva\\\/#breadcrumb\",\"itemListElement\":[{\"@type\":\"ListItem\",\"position\":1,\"name\":\"Home\",\"item\":\"https:\\\/\\\/www.avantcar.si\\\/sl\\\/\"},{\"@type\":\"ListItem\",\"position\":2,\"name\":\"O nas\",\"item\":\"https:\\\/\\\/www.avantcar.si\\\/sl\\\/about-us\\\/\"},{\"@type\":\"ListItem\",\"position\":3,\"name\":\"Partnerstva\"}]},{\"@type\":\"WebSite\",\"@id\":\"https:\\\/\\\/www.avantcar.si\\\/sl\\\/#website\",\"url\":\"https:\\\/\\\/www.avantcar.si\\\/sl\\\/\",\"name\":\"Avantcar\",\"description\":\"\",\"potentialAction\":[{\"@type\":\"SearchAction\",\"target\":{\"@type\":\"EntryPoint\",\"urlTemplate\":\"https:\\\/\\\/www.avantcar.si\\\/sl\\\/?s={search_term_string}\"},\"query-input\":{\"@type\":\"PropertyValueSpecification\",\"valueRequired\":true,\"valueName\":\"search_term_string\"}}],\"inLanguage\":\"sl-SI\"}]}<\/script>\n<!-- \/ Yoast SEO plugin. -->","yoast_head_json":{"title":"Partnerstva","description":"Avant Car | Poslovna partnerstva","robots":{"index":"index","follow":"follow","max-snippet":"max-snippet:-1","max-image-preview":"max-image-preview:large","max-video-preview":"max-video-preview:-1"},"canonical":"https:\/\/www.avantcar.si\/sl\/o-nas\/partnerstva\/","og_locale":"sl_SI","og_type":"article","og_title":"Partnerstva","og_description":"Avant Car | Poslovna partnerstva","og_url":"https:\/\/www.avantcar.si\/sl\/o-nas\/partnerstva\/","og_site_name":"Avantcar","article_modified_time":"2025-11-06T11:34:05+00:00","og_image":[{"width":1080,"height":810,"url":"https:\/\/www.avantcar.si\/wp-content\/uploads\/2024\/01\/RAC-L.jpg","type":"image\/jpeg"}],"twitter_card":"summary_large_image","twitter_misc":{"Est. reading time":"2 minuti"},"schema":{"@context":"https:\/\/schema.org","@graph":[{"@type":"WebPage","@id":"https:\/\/www.avantcar.si\/sl\/o-nas\/partnerstva\/","url":"https:\/\/www.avantcar.si\/sl\/o-nas\/partnerstva\/","name":"Partnerstva","isPartOf":{"@id":"https:\/\/www.avantcar.si\/sl\/#website"},"primaryImageOfPage":{"@id":"https:\/\/www.avantcar.si\/sl\/o-nas\/partnerstva\/#primaryimage"},"image":{"@id":"https:\/\/www.avantcar.si\/sl\/o-nas\/partnerstva\/#primaryimage"},"thumbnailUrl":"https:\/\/www.avantcar.si\/wp-content\/uploads\/2024\/01\/RAC-L.jpg","datePublished":"2025-10-10T09:47:30+00:00","dateModified":"2025-11-06T11:34:05+00:00","description":"Avant Car | Poslovna partnerstva","breadcrumb":{"@id":"https:\/\/www.avantcar.si\/sl\/o-nas\/partnerstva\/#breadcrumb"},"inLanguage":"sl-SI","potentialAction":[{"@type":"ReadAction","target":["https:\/\/www.avantcar.si\/sl\/o-nas\/partnerstva\/"]}]},{"@type":"ImageObject","inLanguage":"sl-SI","@id":"https:\/\/www.avantcar.si\/sl\/o-nas\/partnerstva\/#primaryimage","url":"https:\/\/www.avantcar.si\/wp-content\/uploads\/2024\/01\/RAC-L.jpg","contentUrl":"https:\/\/www.avantcar.si\/wp-content\/uploads\/2024\/01\/RAC-L.jpg","width":1080,"height":810,"caption":"Rent a Car Slovenia"},{"@type":"BreadcrumbList","@id":"https:\/\/www.avantcar.si\/sl\/o-nas\/partnerstva\/#breadcrumb","itemListElement":[{"@type":"ListItem","position":1,"name":"Home","item":"https:\/\/www.avantcar.si\/sl\/"},{"@type":"ListItem","position":2,"name":"O nas","item":"https:\/\/www.avantcar.si\/sl\/about-us\/"},{"@type":"ListItem","position":3,"name":"Partnerstva"}]},{"@type":"WebSite","@id":"https:\/\/www.avantcar.si\/sl\/#website","url":"https:\/\/www.avantcar.si\/sl\/","name":"Avantcar","description":"","potentialAction":[{"@type":"SearchAction","target":{"@type":"EntryPoint","urlTemplate":"https:\/\/www.avantcar.si\/sl\/?s={search_term_string}"},"query-input":{"@type":"PropertyValueSpecification","valueRequired":true,"valueName":"search_term_string"}}],"inLanguage":"sl-SI"}]}},"_links":{"self":[{"href":"https:\/\/www.avantcar.si\/sl\/wp-json\/wp\/v2\/pages\/30707","targetHints":{"allow":["GET"]}}],"collection":[{"href":"https:\/\/www.avantcar.si\/sl\/wp-json\/wp\/v2\/pages"}],"about":[{"href":"https:\/\/www.avantcar.si\/sl\/wp-json\/wp\/v2\/types\/page"}],"author":[{"embeddable":true,"href":"https:\/\/www.avantcar.si\/sl\/wp-json\/wp\/v2\/users\/7"}],"replies":[{"embeddable":true,"href":"https:\/\/www.avantcar.si\/sl\/wp-json\/wp\/v2\/comments?post=30707"}],"version-history":[{"count":8,"href":"https:\/\/www.avantcar.si\/sl\/wp-json\/wp\/v2\/pages\/30707\/revisions"}],"predecessor-version":[{"id":30839,"href":"https:\/\/www.avantcar.si\/sl\/wp-json\/wp\/v2\/pages\/30707\/revisions\/30839"}],"up":[{"embeddable":true,"href":"https:\/\/www.avantcar.si\/sl\/wp-json\/wp\/v2\/pages\/26849"}],"wp:featuredmedia":[{"embeddable":true,"href":"https:\/\/www.avantcar.si\/sl\/wp-json\/wp\/v2\/media\/25087"}],"wp:attachment":[{"href":"https:\/\/www.avantcar.si\/sl\/wp-json\/wp\/v2\/media?parent=30707"}],"curies":[{"name":"wp","href":"https:\/\/api.w.org\/{rel}","templated":true}]}}